{"id":2619,"date":"2023-01-18T14:36:19","date_gmt":"2023-01-18T14:36:19","guid":{"rendered":"https:\/\/solditrans.com\/?page_id=2619"},"modified":"2023-01-30T09:34:21","modified_gmt":"2023-01-30T09:34:21","slug":"configurador-de-accesibilidad","status":"publish","type":"page","link":"https:\/\/solditrans.com\/en\/configurador-de-accesibilidad\/","title":{"rendered":"Configurador de accesibilidad"},"content":{"rendered":"<div data-elementor-type=\"wp-page\" data-elementor-id=\"2619\" class=\"elementor elementor-2619\">\n\t\t\t\t\t\t\t\t\t<section class=\"elementor-section elementor-top-section elementor-element elementor-element-66023db elementor-section-boxed elementor-section-height-default elementor-section-height-default\" data-id=\"66023db\" data-element_type=\"section\">\n\t\t\t\t\t\t<div class=\"elementor-container elementor-column-gap-default\">\n\t\t\t\t\t<div class=\"elementor-column elementor-col-100 elementor-top-column elementor-element elementor-element-3507d5e textoLegible\" data-id=\"3507d5e\" data-element_type=\"column\">\n\t\t\t<div class=\"elementor-widget-wrap elementor-element-populated\">\n\t\t\t\t\t\t\t\t<div class=\"elementor-element elementor-element-ac91bcf elementor-widget elementor-widget-shortcode\" data-id=\"ac91bcf\" data-element_type=\"widget\" data-widget_type=\"shortcode.default\">\n\t\t\t\t<div class=\"elementor-widget-container\">\n\t\t\t\t\t<div class=\"elementor-shortcode\">\r\n<!-- a11y toolbar widget -->\r\n<div class=\"ltr  left a11y-toolbar-widget\">\r\n\t<ul><li><button type=\"button\" class=\"a11y-toggle a11y-toggle-contrast toggle-contrast\" id=\"is_normal_contrast\" aria-pressed=\"false\"><span class=\"offscreen\"> Alternar alto contraste (amarillo sobre negro) y tama\u00f1o del texto grande<\/span><\/button><\/li><li><button type=\"button\" class=\"a11y-toggle a11y-toggle-contrast-green toggle-contrast_green\" id=\"is_normal_contrast_green\" aria-pressed=\"false\"><span class=\"offscreen\"> Alternar alto contraste (verde sobre negro) y tama\u00f1o del texto grande <\/span> <\/button><\/li><li><button type=\"button\" class=\"a11y-toggle a11y-toggle-contrast-low toggle-contrast_low\" id=\"is_normal_contrast_low\" aria-pressed=\"false\"><span class=\"offscreen\"> Alternar colores corporativos, pero bajo contraste <\/span> <\/button><\/li><li><button type=\"button\" class=\"a11y-toggle a11y-toggle-contrast-low toggle-reset\" id=\"is_normal_contrast\" aria-pressed=\"false\"><span class=\"offscreen\"> Colores corporativos <\/span> <\/button><\/li>\r\n\t<\/ul>\r\n<\/div>\r\n<!-- \/\/ a11y toolbar widget --><\/div>\n\t\t\t\t<\/div>\n\t\t\t\t<\/div>\n\t\t\t\t\t<\/div>\n\t\t<\/div>\n\t\t\t\t\t\t\t<\/div>\n\t\t<\/section>\n\t\t\t\t\t\t\t<\/div>","protected":false},"excerpt":{"rendered":"","protected":false},"author":1,"featured_media":0,"parent":0,"menu_order":0,"comment_status":"closed","ping_status":"closed","template":"elementor_header_footer","meta":{"footnotes":""},"class_list":["post-2619","page","type-page","status-publish","hentry"],"yoast_head":"<!-- This site is optimized with the Yoast SEO plugin v19.12 - https:\/\/yoast.com\/wordpress\/plugins\/seo\/ -->\n<title>Empresa transporte frigor\u00edfico por carretera | Solditrans<\/title>\n<meta name=\"description\" content=\"Ofrecemos un servicio log\u00edstico, de transporte y distribuci\u00f3n internacional frigor\u00edfico adecuado a las necesidades de cada cliente.\" \/>\n<meta name=\"robots\" content=\"index, follow, max-snippet:-1, max-image-preview:large, max-video-preview:-1\" \/>\n<link rel=\"canonical\" href=\"https:\/\/solditrans.com\/en\/configurador-de-accesibilidad\/\" \/>\n<meta property=\"og:locale\" content=\"en_GB\" \/>\n<meta property=\"og:type\" content=\"article\" \/>\n<meta property=\"og:title\" content=\"Empresa transporte frigor\u00edfico por carretera | Solditrans\" \/>\n<meta property=\"og:description\" content=\"Ofrecemos un servicio log\u00edstico, de transporte y distribuci\u00f3n internacional frigor\u00edfico adecuado a las necesidades de cada cliente.\" \/>\n<meta property=\"og:url\" content=\"https:\/\/solditrans.com\/en\/configurador-de-accesibilidad\/\" \/>\n<meta property=\"og:site_name\" content=\"Solditrans\" \/>\n<meta property=\"article:modified_time\" content=\"2023-01-30T09:34:21+00:00\" \/>\n<meta name=\"twitter:card\" content=\"summary_large_image\" \/>\n<meta name=\"twitter:label1\" content=\"Estimated reading time\" \/>\n\t<meta name=\"twitter:data1\" content=\"1 minute\" \/>\n<script type=\"application\/ld+json\" class=\"yoast-schema-graph\">{\"@context\":\"https:\/\/schema.org\",\"@graph\":[{\"@type\":\"WebPage\",\"@id\":\"https:\/\/solditrans.com\/configurador-de-accesibilidad\/\",\"url\":\"https:\/\/solditrans.com\/configurador-de-accesibilidad\/\",\"name\":\"Empresa transporte frigor\u00edfico por carretera | Solditrans\",\"isPartOf\":{\"@id\":\"https:\/\/solditrans.com\/#website\"},\"datePublished\":\"2023-01-18T14:36:19+00:00\",\"dateModified\":\"2023-01-30T09:34:21+00:00\",\"description\":\"Ofrecemos un servicio log\u00edstico, de transporte y distribuci\u00f3n internacional frigor\u00edfico adecuado a las necesidades de cada cliente.\",\"breadcrumb\":{\"@id\":\"https:\/\/solditrans.com\/configurador-de-accesibilidad\/#breadcrumb\"},\"inLanguage\":\"en-GB\",\"potentialAction\":[{\"@type\":\"ReadAction\",\"target\":[\"https:\/\/solditrans.com\/configurador-de-accesibilidad\/\"]}]},{\"@type\":\"BreadcrumbList\",\"@id\":\"https:\/\/solditrans.com\/configurador-de-accesibilidad\/#breadcrumb\",\"itemListElement\":[{\"@type\":\"ListItem\",\"position\":1,\"name\":\"Portada\",\"item\":\"https:\/\/solditrans.com\/\"},{\"@type\":\"ListItem\",\"position\":2,\"name\":\"Configurador de accesibilidad\"}]},{\"@type\":\"WebSite\",\"@id\":\"https:\/\/solditrans.com\/#website\",\"url\":\"https:\/\/solditrans.com\/\",\"name\":\"Solditrans\",\"description\":\"Otro sitio realizado con WordPress\",\"potentialAction\":[{\"@type\":\"SearchAction\",\"target\":{\"@type\":\"EntryPoint\",\"urlTemplate\":\"https:\/\/solditrans.com\/?s={search_term_string}\"},\"query-input\":\"required name=search_term_string\"}],\"inLanguage\":\"en-GB\"}]}<\/script>\n<!-- \/ Yoast SEO plugin. -->","yoast_head_json":{"title":"Empresa transporte frigor\u00edfico por carretera | Solditrans","description":"Ofrecemos un servicio log\u00edstico, de transporte y distribuci\u00f3n internacional frigor\u00edfico adecuado a las necesidades de cada cliente.","robots":{"index":"index","follow":"follow","max-snippet":"max-snippet:-1","max-image-preview":"max-image-preview:large","max-video-preview":"max-video-preview:-1"},"canonical":"https:\/\/solditrans.com\/en\/configurador-de-accesibilidad\/","og_locale":"en_GB","og_type":"article","og_title":"Empresa transporte frigor\u00edfico por carretera | Solditrans","og_description":"Ofrecemos un servicio log\u00edstico, de transporte y distribuci\u00f3n internacional frigor\u00edfico adecuado a las necesidades de cada cliente.","og_url":"https:\/\/solditrans.com\/en\/configurador-de-accesibilidad\/","og_site_name":"Solditrans","article_modified_time":"2023-01-30T09:34:21+00:00","twitter_card":"summary_large_image","twitter_misc":{"Estimated reading time":"1 minute"},"schema":{"@context":"https:\/\/schema.org","@graph":[{"@type":"WebPage","@id":"https:\/\/solditrans.com\/configurador-de-accesibilidad\/","url":"https:\/\/solditrans.com\/configurador-de-accesibilidad\/","name":"Empresa transporte frigor\u00edfico por carretera | Solditrans","isPartOf":{"@id":"https:\/\/solditrans.com\/#website"},"datePublished":"2023-01-18T14:36:19+00:00","dateModified":"2023-01-30T09:34:21+00:00","description":"Ofrecemos un servicio log\u00edstico, de transporte y distribuci\u00f3n internacional frigor\u00edfico adecuado a las necesidades de cada cliente.","breadcrumb":{"@id":"https:\/\/solditrans.com\/configurador-de-accesibilidad\/#breadcrumb"},"inLanguage":"en-GB","potentialAction":[{"@type":"ReadAction","target":["https:\/\/solditrans.com\/configurador-de-accesibilidad\/"]}]},{"@type":"BreadcrumbList","@id":"https:\/\/solditrans.com\/configurador-de-accesibilidad\/#breadcrumb","itemListElement":[{"@type":"ListItem","position":1,"name":"Portada","item":"https:\/\/solditrans.com\/"},{"@type":"ListItem","position":2,"name":"Configurador de accesibilidad"}]},{"@type":"WebSite","@id":"https:\/\/solditrans.com\/#website","url":"https:\/\/solditrans.com\/","name":"Solditrans","description":"Otro sitio realizado con WordPress","potentialAction":[{"@type":"SearchAction","target":{"@type":"EntryPoint","urlTemplate":"https:\/\/solditrans.com\/?s={search_term_string}"},"query-input":"required name=search_term_string"}],"inLanguage":"en-GB"}]}},"acf":[],"_links":{"self":[{"href":"https:\/\/solditrans.com\/en\/wp-json\/wp\/v2\/pages\/2619","targetHints":{"allow":["GET"]}}],"collection":[{"href":"https:\/\/solditrans.com\/en\/wp-json\/wp\/v2\/pages"}],"about":[{"href":"https:\/\/solditrans.com\/en\/wp-json\/wp\/v2\/types\/page"}],"author":[{"embeddable":true,"href":"https:\/\/solditrans.com\/en\/wp-json\/wp\/v2\/users\/1"}],"replies":[{"embeddable":true,"href":"https:\/\/solditrans.com\/en\/wp-json\/wp\/v2\/comments?post=2619"}],"version-history":[{"count":8,"href":"https:\/\/solditrans.com\/en\/wp-json\/wp\/v2\/pages\/2619\/revisions"}],"predecessor-version":[{"id":2697,"href":"https:\/\/solditrans.com\/en\/wp-json\/wp\/v2\/pages\/2619\/revisions\/2697"}],"wp:attachment":[{"href":"https:\/\/solditrans.com\/en\/wp-json\/wp\/v2\/media?parent=2619"}],"curies":[{"name":"wp","href":"https:\/\/api.w.org\/{rel}","templated":true}]}}