{"id":2509,"date":"2022-09-29T11:48:03","date_gmt":"2022-09-29T11:48:03","guid":{"rendered":"https:\/\/desarrollo.maicrosoft.eu\/solditrans\/?page_id=2509"},"modified":"2023-01-26T12:22:57","modified_gmt":"2023-01-26T12:22:57","slug":"politica-de-cookies","status":"publish","type":"page","link":"https:\/\/solditrans.com\/en\/politica-de-cookies\/","title":{"rendered":"Cookie Policy"},"content":{"rendered":"<div data-elementor-type=\"wp-page\" data-elementor-id=\"2509\" class=\"elementor elementor-2509\">\n\t\t\t\t\t\t\t\t\t<section class=\"elementor-section elementor-top-section elementor-element elementor-element-9a8da72 elementor-section-boxed elementor-section-height-default elementor-section-height-default\" data-id=\"9a8da72\" data-element_type=\"section\">\n\t\t\t\t\t\t<div class=\"elementor-container elementor-column-gap-default\">\n\t\t\t\t\t<div class=\"elementor-column elementor-col-100 elementor-top-column elementor-element elementor-element-0564dee textoLegible\" data-id=\"0564dee\" data-element_type=\"column\">\n\t\t\t<div class=\"elementor-widget-wrap elementor-element-populated\">\n\t\t\t\t\t\t\t\t<div class=\"elementor-element elementor-element-eea317b animated-slow elementor-widget elementor-widget-text-editor\" data-id=\"eea317b\" data-element_type=\"widget\" data-settings=\"{&quot;_animation&quot;:&quot;none&quot;}\" data-widget_type=\"text-editor.default\">\n\t\t\t\t<div class=\"elementor-widget-container\">\n\t\t\t<style>\/*! elementor - v3.9.1 - 14-12-2022 *\/\n.elementor-widget-text-editor.elementor-drop-cap-view-stacked .elementor-drop-cap{background-color:#818a91;color:#fff}.elementor-widget-text-editor.elementor-drop-cap-view-framed .elementor-drop-cap{color:#818a91;border:3px solid;background-color:transparent}.elementor-widget-text-editor:not(.elementor-drop-cap-view-default) .elementor-drop-cap{margin-top:8px}.elementor-widget-text-editor:not(.elementor-drop-cap-view-default) .elementor-drop-cap-letter{width:1em;height:1em}.elementor-widget-text-editor .elementor-drop-cap{float:left;text-align:center;line-height:1;font-size:50px}.elementor-widget-text-editor .elementor-drop-cap-letter{display:inline-block}<\/style>\t\t\t\t<p><strong>SOLDITRANS<\/strong> a trav\u00e9s del presente documento, recoge su Pol\u00edtica de recogida y tratamiento de cookies, en cumplimiento de lo dispuesto en el art\u00edculo 22.2 de la Ley 34\/2002, de 11 de julio, de Servicios de la Sociedad de la Informaci\u00f3n y de Comercio Electr\u00f3nico (LSSICE).<\/p>\n<p>&nbsp;<\/p>\n<p>La presente Pol\u00edtica de Cookies ser\u00e1 de aplicaci\u00f3n a aquellos usuarios que voluntariamente visitan las p\u00e1ginas web de <strong>SOLDITRANS<\/strong>, cumplimentan formularios de recogida de datos, acceden a las herramientas que<strong> SOLDITRANS<\/strong> pone a disposici\u00f3n de sus clientes para gestionar sus servicios, o utilizan cualquier otro servicio presente en el sitio web que implique la comunicaci\u00f3n de datos o el acceso a datos para la prestaci\u00f3n de sus servicios.<\/p>\n<p>&nbsp;<\/p>\n<h3><em>\u00bfQu\u00e9 son las cookies?<\/em><\/h3>\n<p>Las cookies son peque\u00f1os archivos que algunas plataformas, como las p\u00e1ginas web, pueden instalar en su ordenador, smartphone, tableta o televisi\u00f3n conectada, al acceder a las mismas. Sus funciones pueden ser muy variadas: almacenar sus preferencias de navegaci\u00f3n, recopilar informaci\u00f3n estad\u00edstica, permitir ciertas funcionalidades t\u00e9cnicas, almacenar y recuperar informaci\u00f3n sobre los h\u00e1bitos de navegaci\u00f3n o preferencias de un usuario o de su equipo hasta el punto, en ocasiones, dependiendo de la informaci\u00f3n que contengan y de la forma en que utilice su equipo, de poder reconocerlo. Una cookie se almacena en un ordenador para personalizar y facilitar al m\u00e1ximo la navegaci\u00f3n del usuario. Las cookies se asocian \u00fanicamente a un usuario y su ordenador y no proporcionan referencias que permitan deducir datos personales del usuario. El usuario podr\u00e1 configurar su navegador para que notifique o rechace la instalaci\u00f3n de las cookies enviadas por el sitio web.<br>&nbsp;<\/p>\n<h3><em>\u00bfPor qu\u00e9 son importantes?<\/em><\/h3>\n<p>Las cookies son \u00fatiles por varios motivos. Desde un punto de vista t\u00e9cnico, permiten que las p\u00e1ginas web funcionen de forma m\u00e1s \u00e1gil y adaptada a las preferencias del usuario como, por ejemplo, almacenar su idioma o la moneda de su pa\u00eds. Adem\u00e1s, ayudan a los responsables de los sitios web a mejorar los servicios que ofrecen, gracias a la informaci\u00f3n estad\u00edstica que recogen a trav\u00e9s de ellas. Finalmente, sirven para hacer m\u00e1s eficiente la publicidad que le mostramos, gracias a la cual le podemos ofrecer servicios de forma gratuita.<\/p>\n<p>&nbsp;<\/p>\n<h3><em>\u00bfC\u00f3mo utilizamos las cookies?<\/em><\/h3>\n<p>Navegar por esta web supone que se puedan instalar los siguientes tipos de cookies:<\/p>\n<p>&nbsp;<\/p>\n<p>Clasificadas por su titularidad:<\/p>\n<p><strong>Cookies propias<\/strong><\/p>\n<p>Enviadas y gestionadas directamente por <strong>SOLDITRANS<\/strong>. <strong>&nbsp;<\/strong><\/p>\n<p><strong>&nbsp;<\/strong><\/p>\n<p><strong>Cookies de terceros<\/strong><\/p>\n<p>Enviadas y gestionadas por un tercero ajeno a <strong>SOLDITRANS<\/strong> de forma an\u00f3nima, con la finalidad de realizar estudios estad\u00edsticos de navegaci\u00f3n por las p\u00e1ginas web.&nbsp; <strong>&nbsp;<\/strong><\/p>\n<p><strong>&nbsp;<\/strong>&nbsp;<strong>&nbsp;<\/strong><\/p>\n<p>Clasificadas por su finalidad:<\/p>\n<p><strong>Cookies de mejora del rendimiento<\/strong><\/p>\n<p>Este tipo de cookies conserva sus preferencias para ciertas herramientas o servicios para que no tenga que reconfigurarlos cada vez que visita nuestro portal y, en algunos casos, pueden ser aportadas por terceros. Algunos ejemplos de este tipo de cookies son: ajuste del volumen de los reproductores audiovisuales, preferencias de ordenaci\u00f3n de art\u00edculos o velocidades de reproducci\u00f3n de v\u00eddeo compatibles. En el caso de comercio electr\u00f3nico, permiten mantener informaci\u00f3n sobre su cesta de la compra.<\/p>\n<p>&nbsp;<\/p>\n<p><strong>Cookies de an\u00e1lisis estad\u00edstico<\/strong><\/p>\n<p>Son aquellas que, bien tratadas por nosotros o por terceros, permiten cuantificar el n\u00famero de visitantes y analizar estad\u00edsticamente la utilizaci\u00f3n que hacen los usuarios de nuestros servicios. Gracias a ellas podemos estudiar la navegaci\u00f3n por nuestra p\u00e1gina web y mejorar as\u00ed la oferta de servicios y\/o productos que ofrecemos. Estas cookies no ir\u00e1n asociadas a ning\u00fan dato de car\u00e1cter personal que pueda identificar al usuario, dando informaci\u00f3n sobre el comportamiento de navegaci\u00f3n de forma an\u00f3nima.<\/p>\n<p>&nbsp;<\/p>\n<p><strong>Cookies de geolocalizaci\u00f3n<\/strong><\/p>\n<p>Estas cookies son usadas por programas que intentan localizar geogr\u00e1ficamente la situaci\u00f3n del ordenador, smartphone, tableta o televisi\u00f3n conectada, para de manera totalmente an\u00f3nima ofrecerle contenidos y servicios m\u00e1s adecuados.<\/p>\n<p>&nbsp;<\/p>\n<p><strong>Cookies de registro<\/strong><\/p>\n<p>Son cookies que le identifican como usuario registrado e indican cu\u00e1ndo usted se ha identificado en la web. Estas cookies son utilizadas para identificar su cuenta de usuario y sus servicios asociados, facilitando as\u00ed su navegaci\u00f3n. Estas cookies se mantienen mientras usted no abandone la cuenta, cierre el navegador o apague el dispositivo. Estas cookies pueden ser utilizadas en combinaci\u00f3n con datos anal\u00edticos para identificar de manera individual sus preferencias en nuestro portal.<\/p>\n<p>&nbsp;<\/p>\n<p>&nbsp;<\/p>\n<p><strong>Cookies publicitarias<\/strong><\/p>\n<p>Son aqu\u00e9llas que, bien tratadas por nosotros o por terceros, permiten gestionar eficazmente los espacios publicitarios de nuestro sitio web, adecuando el contenido del anuncio al contenido del servicio solicitado o al uso que realice de nuestra p\u00e1gina web. Gracias a ella podemos conocer sus h\u00e1bitos de navegaci\u00f3n en internet y mostrarle publicidad relacionada con su perfil de navegaci\u00f3n.<\/p>\n<p><strong>&nbsp;<\/strong><\/p>\n<p><strong>Otras cookies de terceros<\/strong><\/p>\n<p>En algunas de nuestras p\u00e1ginas se pueden instalar cookies de terceros que permitan gestionar y mejorar los servicios que \u00e9stos ofrecen. Un ejemplo de este uso son los enlaces a las redes sociales que permiten compartir nuestros contenidos.<\/p>\n<p>&nbsp;<\/p>\n<p>Clasificadas por su duraci\u00f3n:<\/p>\n<p>&nbsp;<\/p>\n<p><strong>Cookies de sesi\u00f3n<\/strong><\/p>\n<p>Recaban y almacenan los datos mientras el usuario accede a la p\u00e1gina web.<\/p>\n<p>&nbsp;<\/p>\n<p>&nbsp;<\/p>\n<p><strong>Cookies persistentes<\/strong><\/p>\n<p>Recaban y almacenan los datos en el terminal del usuario durante un periodo de tiempo variable en funci\u00f3n de cu\u00e1l sea la finalidad para la que han sido utilizadas.<\/p>\n<p>El tiempo de conservaci\u00f3n de las cookies depender\u00e1 del tipo de que se trate y siempre ser\u00e1 el m\u00ednimo indispensable para cumplir su finalidad.<\/p>\n<p>&nbsp;<\/p>\n<h3><em>\u00bfC\u00f3mo puedo configurar mis preferencias?<\/em><\/h3>\n<p>Usted puede permitir, bloquear o eliminar las cookies instaladas en su equipo mediante la configuraci\u00f3n de las opciones de su navegador de internet.<\/p>\n<p>A continuaci\u00f3n, le ofrecemos enlaces en los que encontrar\u00e1 informaci\u00f3n sobre c\u00f3mo puede activar sus preferencias en los principales navegadores:<\/p>\n<ul>\n<li><a href=\"http:\/\/support.google.com\/chrome\/bin\/answer.py?hl=es&amp;answer=95647\">Google Chrome<\/a><\/li>\n<li><a href=\"http:\/\/support.mozilla.org\/es\/kb\/cookies-informacion-que-los-sitios-web-guardan-en-?redirectlocale=en-US&amp;redirectslug=Cookies\">Mozilla Firefox<\/a><\/li>\n<li><a href=\"http:\/\/support.microsoft.com\/kb\/196955\/es\">Internet Explorer<\/a><\/li>\n<li><a href=\"http:\/\/docs.info.apple.com\/article.html?path=Safari\/3.0\/fr\/9277.html\">Safari<\/a><\/li>\n<li><a href=\"http:\/\/support.apple.com\/kb\/HT1677?viewlocale=es_ES\">Safari para IOS<\/a>(iPhone, iPad)<\/li>\n<\/ul>\n<h3><em>&nbsp;<\/em><\/h3>\n<h3><em>\u00bfQu\u00e9 ocurre si se desahibilitan las cookies?<\/em><\/h3>\n<p>En el caso de bloquear o no aceptar la instalaci\u00f3n de cookies es posible que ciertos servicios ofrecidos por nuestro sitio web que necesitan su uso queden deshabilitados y, por lo tanto, no est\u00e9n disponibles para usted por lo que no podr\u00e1 aprovechar por completo todo lo que nuestra web y aplicaciones le ofrecen. Es posible tambi\u00e9n que la calidad de funcionamiento de la p\u00e1gina web pueda disminuir.<\/p>\t\t\t\t\t\t<\/div>\n\t\t\t\t<\/div>\n\t\t\t\t\t<\/div>\n\t\t<\/div>\n\t\t\t\t\t\t\t<\/div>\n\t\t<\/section>\n\t\t\t\t\t\t\t<\/div>","protected":false},"excerpt":{"rendered":"<p>SOLDITRANS a trav\u00e9s del presente documento, recoge su Pol\u00edtica de recogida y tratamiento de cookies, en cumplimiento de lo dispuesto en el art\u00edculo 22.2 de la Ley 34\/2002, de 11 de julio, de Servicios de la Sociedad de la Informaci\u00f3n y de Comercio Electr\u00f3nico (LSSICE). &nbsp; La presente Pol\u00edtica de Cookies ser\u00e1 de aplicaci\u00f3n a [&hellip;]<\/p>","protected":false},"author":1,"featured_media":0,"parent":0,"menu_order":0,"comment_status":"closed","ping_status":"closed","template":"elementor_header_footer","meta":{"footnotes":""},"class_list":["post-2509","page","type-page","status-publish","hentry"],"yoast_head":"<!-- This site is optimized with the Yoast SEO plugin v19.12 - https:\/\/yoast.com\/wordpress\/plugins\/seo\/ -->\n<title>Pol\u00edtica de Cookies - Solditrans<\/title>\n<meta name=\"robots\" content=\"index, follow, max-snippet:-1, max-image-preview:large, max-video-preview:-1\" \/>\n<link rel=\"canonical\" href=\"https:\/\/solditrans.com\/en\/politica-de-cookies\/\" \/>\n<meta property=\"og:locale\" content=\"en_GB\" \/>\n<meta property=\"og:type\" content=\"article\" \/>\n<meta property=\"og:title\" content=\"Pol\u00edtica de Cookies - Solditrans\" \/>\n<meta property=\"og:description\" content=\"SOLDITRANS a trav\u00e9s del presente documento, recoge su Pol\u00edtica de recogida y tratamiento de cookies, en cumplimiento de lo dispuesto en el art\u00edculo 22.2 de la Ley 34\/2002, de 11 de julio, de Servicios de la Sociedad de la Informaci\u00f3n y de Comercio Electr\u00f3nico (LSSICE). &nbsp; La presente Pol\u00edtica de Cookies ser\u00e1 de aplicaci\u00f3n a [&hellip;]\" \/>\n<meta property=\"og:url\" content=\"https:\/\/solditrans.com\/en\/politica-de-cookies\/\" \/>\n<meta property=\"og:site_name\" content=\"Solditrans\" \/>\n<meta property=\"article:modified_time\" content=\"2023-01-26T12:22:57+00:00\" \/>\n<meta name=\"twitter:card\" content=\"summary_large_image\" \/>\n<meta name=\"twitter:label1\" content=\"Estimated reading time\" \/>\n\t<meta name=\"twitter:data1\" content=\"5 minutes\" \/>\n<script type=\"application\/ld+json\" class=\"yoast-schema-graph\">{\"@context\":\"https:\/\/schema.org\",\"@graph\":[{\"@type\":\"WebPage\",\"@id\":\"https:\/\/solditrans.com\/politica-de-cookies\/\",\"url\":\"https:\/\/solditrans.com\/politica-de-cookies\/\",\"name\":\"Pol\u00edtica de Cookies - Solditrans\",\"isPartOf\":{\"@id\":\"https:\/\/solditrans.com\/#website\"},\"datePublished\":\"2022-09-29T11:48:03+00:00\",\"dateModified\":\"2023-01-26T12:22:57+00:00\",\"breadcrumb\":{\"@id\":\"https:\/\/solditrans.com\/politica-de-cookies\/#breadcrumb\"},\"inLanguage\":\"en-GB\",\"potentialAction\":[{\"@type\":\"ReadAction\",\"target\":[\"https:\/\/solditrans.com\/politica-de-cookies\/\"]}]},{\"@type\":\"BreadcrumbList\",\"@id\":\"https:\/\/solditrans.com\/politica-de-cookies\/#breadcrumb\",\"itemListElement\":[{\"@type\":\"ListItem\",\"position\":1,\"name\":\"Portada\",\"item\":\"https:\/\/solditrans.com\/\"},{\"@type\":\"ListItem\",\"position\":2,\"name\":\"Pol\u00edtica de Cookies\"}]},{\"@type\":\"WebSite\",\"@id\":\"https:\/\/solditrans.com\/#website\",\"url\":\"https:\/\/solditrans.com\/\",\"name\":\"Solditrans\",\"description\":\"Otro sitio realizado con WordPress\",\"potentialAction\":[{\"@type\":\"SearchAction\",\"target\":{\"@type\":\"EntryPoint\",\"urlTemplate\":\"https:\/\/solditrans.com\/?s={search_term_string}\"},\"query-input\":\"required name=search_term_string\"}],\"inLanguage\":\"en-GB\"}]}<\/script>\n<!-- \/ Yoast SEO plugin. -->","yoast_head_json":{"title":"Pol\u00edtica de Cookies - Solditrans","robots":{"index":"index","follow":"follow","max-snippet":"max-snippet:-1","max-image-preview":"max-image-preview:large","max-video-preview":"max-video-preview:-1"},"canonical":"https:\/\/solditrans.com\/en\/politica-de-cookies\/","og_locale":"en_GB","og_type":"article","og_title":"Pol\u00edtica de Cookies - Solditrans","og_description":"SOLDITRANS a trav\u00e9s del presente documento, recoge su Pol\u00edtica de recogida y tratamiento de cookies, en cumplimiento de lo dispuesto en el art\u00edculo 22.2 de la Ley 34\/2002, de 11 de julio, de Servicios de la Sociedad de la Informaci\u00f3n y de Comercio Electr\u00f3nico (LSSICE). &nbsp; La presente Pol\u00edtica de Cookies ser\u00e1 de aplicaci\u00f3n a [&hellip;]","og_url":"https:\/\/solditrans.com\/en\/politica-de-cookies\/","og_site_name":"Solditrans","article_modified_time":"2023-01-26T12:22:57+00:00","twitter_card":"summary_large_image","twitter_misc":{"Estimated reading time":"5 minutes"},"schema":{"@context":"https:\/\/schema.org","@graph":[{"@type":"WebPage","@id":"https:\/\/solditrans.com\/politica-de-cookies\/","url":"https:\/\/solditrans.com\/politica-de-cookies\/","name":"Pol\u00edtica de Cookies - Solditrans","isPartOf":{"@id":"https:\/\/solditrans.com\/#website"},"datePublished":"2022-09-29T11:48:03+00:00","dateModified":"2023-01-26T12:22:57+00:00","breadcrumb":{"@id":"https:\/\/solditrans.com\/politica-de-cookies\/#breadcrumb"},"inLanguage":"en-GB","potentialAction":[{"@type":"ReadAction","target":["https:\/\/solditrans.com\/politica-de-cookies\/"]}]},{"@type":"BreadcrumbList","@id":"https:\/\/solditrans.com\/politica-de-cookies\/#breadcrumb","itemListElement":[{"@type":"ListItem","position":1,"name":"Portada","item":"https:\/\/solditrans.com\/"},{"@type":"ListItem","position":2,"name":"Pol\u00edtica de Cookies"}]},{"@type":"WebSite","@id":"https:\/\/solditrans.com\/#website","url":"https:\/\/solditrans.com\/","name":"Solditrans","description":"Otro sitio realizado con WordPress","potentialAction":[{"@type":"SearchAction","target":{"@type":"EntryPoint","urlTemplate":"https:\/\/solditrans.com\/?s={search_term_string}"},"query-input":"required name=search_term_string"}],"inLanguage":"en-GB"}]}},"acf":[],"_links":{"self":[{"href":"https:\/\/solditrans.com\/en\/wp-json\/wp\/v2\/pages\/2509","targetHints":{"allow":["GET"]}}],"collection":[{"href":"https:\/\/solditrans.com\/en\/wp-json\/wp\/v2\/pages"}],"about":[{"href":"https:\/\/solditrans.com\/en\/wp-json\/wp\/v2\/types\/page"}],"author":[{"embeddable":true,"href":"https:\/\/solditrans.com\/en\/wp-json\/wp\/v2\/users\/1"}],"replies":[{"embeddable":true,"href":"https:\/\/solditrans.com\/en\/wp-json\/wp\/v2\/comments?post=2509"}],"version-history":[{"count":10,"href":"https:\/\/solditrans.com\/en\/wp-json\/wp\/v2\/pages\/2509\/revisions"}],"predecessor-version":[{"id":2684,"href":"https:\/\/solditrans.com\/en\/wp-json\/wp\/v2\/pages\/2509\/revisions\/2684"}],"wp:attachment":[{"href":"https:\/\/solditrans.com\/en\/wp-json\/wp\/v2\/media?parent=2509"}],"curies":[{"name":"wp","href":"https:\/\/api.w.org\/{rel}","templated":true}]}}