{"id":1285,"date":"2022-04-08T23:00:46","date_gmt":"2022-04-08T23:00:46","guid":{"rendered":"https:\/\/codexpeed.com\/transland\/?page_id=1285"},"modified":"2023-10-02T10:36:41","modified_gmt":"2023-10-02T10:36:41","slug":"mercancias","status":"publish","type":"page","link":"https:\/\/solditrans.com\/en\/mercancias\/","title":{"rendered":"International food transport"},"content":{"rendered":"<div data-elementor-type=\"wp-page\" data-elementor-id=\"1285\" class=\"elementor elementor-1285\">\n\t\t\t\t\t\t\t\t\t<section class=\"elementor-section elementor-top-section elementor-element elementor-element-943b1a6 animated-slow elementor-section-boxed elementor-section-height-default elementor-section-height-default elementor-invisible\" data-id=\"943b1a6\" data-element_type=\"section\" data-settings=\"{&quot;animation&quot;:&quot;fadeInUp&quot;}\">\n\t\t\t\t\t\t<div class=\"elementor-container elementor-column-gap-default\">\n\t\t\t\t\t<div class=\"elementor-column elementor-col-100 elementor-top-column elementor-element elementor-element-54b0e68 textoLegible\" data-id=\"54b0e68\" data-element_type=\"column\">\n\t\t\t<div class=\"elementor-widget-wrap elementor-element-populated\">\n\t\t\t\t\t\t\t\t<div class=\"elementor-element elementor-element-25766f0 elementor-widget elementor-widget-text-editor\" data-id=\"25766f0\" data-element_type=\"widget\" data-widget_type=\"text-editor.default\">\n\t\t\t\t<div class=\"elementor-widget-container\">\n\t\t\t<style>\/*! elementor - v3.9.1 - 14-12-2022 *\/\n.elementor-widget-text-editor.elementor-drop-cap-view-stacked .elementor-drop-cap{background-color:#818a91;color:#fff}.elementor-widget-text-editor.elementor-drop-cap-view-framed .elementor-drop-cap{color:#818a91;border:3px solid;background-color:transparent}.elementor-widget-text-editor:not(.elementor-drop-cap-view-default) .elementor-drop-cap{margin-top:8px}.elementor-widget-text-editor:not(.elementor-drop-cap-view-default) .elementor-drop-cap-letter{width:1em;height:1em}.elementor-widget-text-editor .elementor-drop-cap{float:left;text-align:center;line-height:1;font-size:50px}.elementor-widget-text-editor .elementor-drop-cap-letter{display:inline-block}<\/style>\t\t\t\t<div class=\"contenido-pagina translation-block\">Goods are at the heart of our work. We offer maximum specialisation in perishable goods as well as refrigerated and frozen goods. We bring to our customers more than two decades of experience on national and international routes. We bring products with all their quality and freshness to the furthest corners of Europe. You can meet our vehicles in the centre, north and east of the continent, with a special focus on Scandinavian countries.<\/div>\n<br>\n\n<div class=\"contenido-pagina\">Based in Molina de Segura (Region of Murcia), we are driven by passion and commitment to bring to all kinds of commercial destinations the fruits and vegetables so characteristic of the Mediterranean market garden, highly demanded by the European consumer. We also distribute confectionery, pastries and other food products.\u00a0All of this in full compliance with the current food safety regulations of both the European Union and the other countries we travel to.<\/div>\n<br>\n<div class=\"contenido-pagina translation-block\">Over more than twenty years of activity, <strong>Solditrans<\/strong> has forged a staff of highly qualified professionals committed to continuous improvement, open to innovation and all kinds of opportunities. We grow with our customers and with the sector year after year, always attentive to technological advances.<\/div>\t\t\t\t\t\t<\/div>\n\t\t\t\t<\/div>\n\t\t\t\t\t<\/div>\n\t\t<\/div>\n\t\t\t\t\t\t\t<\/div>\n\t\t<\/section>\n\t\t\t\t<section class=\"elementor-section elementor-top-section elementor-element elementor-element-7d77bb5b theme-bg elementor-section-boxed elementor-section-height-default elementor-section-height-default\" data-id=\"7d77bb5b\" data-element_type=\"section\" data-settings=\"{&quot;background_background&quot;:&quot;classic&quot;}\">\n\t\t\t\t\t\t<div class=\"elementor-container elementor-column-gap-no\">\n\t\t\t\t\t<div class=\"elementor-column elementor-col-100 elementor-top-column elementor-element elementor-element-40caa621 textoLegible\" data-id=\"40caa621\" data-element_type=\"column\">\n\t\t\t<div class=\"elementor-widget-wrap elementor-element-populated\">\n\t\t\t\t\t\t\t\t<section class=\"elementor-section elementor-inner-section elementor-element elementor-element-4d811bba elementor-section-full_width elementor-section-height-default elementor-section-height-default\" data-id=\"4d811bba\" data-element_type=\"section\">\n\t\t\t\t\t\t<div class=\"elementor-container elementor-column-gap-default\">\n\t\t\t\t\t<div class=\"elementor-column elementor-col-100 elementor-inner-column elementor-element elementor-element-69d679d2\" data-id=\"69d679d2\" data-element_type=\"column\">\n\t\t\t<div class=\"elementor-widget-wrap elementor-element-populated\">\n\t\t\t\t\t\t\t\t<div class=\"elementor-element elementor-element-6260f468 animated-slow contenido-pagina elementor-invisible elementor-widget elementor-widget-modina_section_title\" data-id=\"6260f468\" data-element_type=\"widget\" data-settings=\"{&quot;_animation&quot;:&quot;fadeInUp&quot;}\" data-widget_type=\"modina_section_title.default\">\n\t\t\t\t<div class=\"elementor-widget-container\">\n\t\t\t\r\n        <div class=\"block-contents text-center\">\r\n        <div class=\"section-title\">\r\n            <h5 class=\"text-center\">Solditrans<\/h5>\r\n            <span>Quality sets us apart<\/span>\r\n            <h3>Transport of goods<\/h3>\r\n        <\/div>\r\n            <\/div>\r\n    \r\n    \t\t<\/div>\n\t\t\t\t<\/div>\n\t\t\t\t\t<\/div>\n\t\t<\/div>\n\t\t\t\t\t\t\t<\/div>\n\t\t<\/section>\n\t\t\t\t<section class=\"elementor-section elementor-inner-section elementor-element elementor-element-3b3ac412 elementor-section-full_width elementor-section-height-default elementor-section-height-default\" data-id=\"3b3ac412\" data-element_type=\"section\">\n\t\t\t\t\t\t<div class=\"elementor-container elementor-column-gap-default\">\n\t\t\t\t\t<div class=\"elementor-column elementor-col-100 elementor-inner-column elementor-element elementor-element-d95a713\" data-id=\"d95a713\" data-element_type=\"column\">\n\t\t\t<div class=\"elementor-widget-wrap elementor-element-populated\">\n\t\t\t\t\t\t\t\t<div class=\"elementor-element elementor-element-a8121a3 animated-slow elementor-invisible elementor-widget elementor-widget-modina_service_card\" data-id=\"a8121a3\" data-element_type=\"widget\" data-settings=\"{&quot;_animation&quot;:&quot;fadeInUp&quot;,&quot;_animation_delay&quot;:250}\" data-widget_type=\"modina_service_card.default\">\n\t\t\t\t<div class=\"elementor-widget-container\">\n\t\t\t\r\n    <div class=\"row text-center\">\r\n     \r\n        <div class=\"col-xl-4 col-md-6 col-12\">\r\n            <div class=\"single-our-service\">\r\n                <div class=\"thumb bg-cover\" style=\"background-image: url('https:\/\/solditrans.com\/wp-content\/uploads\/2022\/09\/transporte-mercacias-perecederas.jpg')\"><\/div>\r\n                <div class=\"content\">\r\n                                                            <h2><a href=\"  \">Perishables<\/a><\/h2>\r\n                                                        <\/div>\r\n            <\/div>\r\n        <\/div>\r\n         \r\n        <div class=\"col-xl-4 col-md-6 col-12\">\r\n            <div class=\"single-our-service\">\r\n                <div class=\"thumb bg-cover\" style=\"background-image: url('https:\/\/solditrans.com\/wp-content\/uploads\/2022\/09\/transporte-mercacias-refrigeradas.jpg')\"><\/div>\r\n                <div class=\"content\">\r\n                                                            <h2><a href=\"  \">Refrigerated<\/a><\/h2>\r\n                                                        <\/div>\r\n            <\/div>\r\n        <\/div>\r\n         \r\n        <div class=\"col-xl-4 col-md-6 col-12\">\r\n            <div class=\"single-our-service\">\r\n                <div class=\"thumb bg-cover\" style=\"background-image: url('https:\/\/solditrans.com\/wp-content\/uploads\/2022\/09\/transporte-mercacias-congeladas.jpg')\"><\/div>\r\n                <div class=\"content\">\r\n                                                            <h2><a href=\"  \">Frozen<\/a><\/h2>\r\n                                                        <\/div>\r\n            <\/div>\r\n        <\/div>\r\n         \r\n        <div class=\"col-xl-4 col-md-6 col-12\">\r\n            <div class=\"single-our-service\">\r\n                <div class=\"thumb bg-cover\" style=\"background-image: url('https:\/\/solditrans.com\/wp-content\/uploads\/2022\/09\/transporte-verduras-hortalizas.jpg')\"><\/div>\r\n                <div class=\"content\">\r\n                                                            <h2><a href=\"  \">Vegetables and greens<\/a><\/h2>\r\n                                                        <\/div>\r\n            <\/div>\r\n        <\/div>\r\n         \r\n        <div class=\"col-xl-4 col-md-6 col-12\">\r\n            <div class=\"single-our-service\">\r\n                <div class=\"thumb bg-cover\" style=\"background-image: url('https:\/\/solditrans.com\/wp-content\/uploads\/2022\/09\/transporte-frutas.jpg')\"><\/div>\r\n                <div class=\"content\">\r\n                                                            <h2><a href=\"  \">Fruits<\/a><\/h2>\r\n                                                        <\/div>\r\n            <\/div>\r\n        <\/div>\r\n         \r\n        <div class=\"col-xl-4 col-md-6 col-12\">\r\n            <div class=\"single-our-service\">\r\n                <div class=\"thumb bg-cover\" style=\"background-image: url('https:\/\/solditrans.com\/wp-content\/uploads\/2022\/09\/transporte-bolleria.jpg')\"><\/div>\r\n                <div class=\"content\">\r\n                                                            <h2><a href=\"  \">Confectionery and bakery<\/a><\/h2>\r\n                                                        <\/div>\r\n            <\/div>\r\n        <\/div>\r\n            <\/div>\r\n\r\n    \t\t<\/div>\n\t\t\t\t<\/div>\n\t\t\t\t\t<\/div>\n\t\t<\/div>\n\t\t\t\t\t\t\t<\/div>\n\t\t<\/section>\n\t\t\t\t\t<\/div>\n\t\t<\/div>\n\t\t\t\t\t\t\t<\/div>\n\t\t<\/section>\n\t\t\t\t<section class=\"elementor-section elementor-top-section elementor-element elementor-element-701ebe5 animated-slow elementor-section-boxed elementor-section-height-default elementor-section-height-default elementor-invisible\" data-id=\"701ebe5\" data-element_type=\"section\" data-settings=\"{&quot;animation&quot;:&quot;fadeInUp&quot;}\">\n\t\t\t\t\t\t<div class=\"elementor-container elementor-column-gap-default\">\n\t\t\t\t\t<div class=\"elementor-column elementor-col-100 elementor-top-column elementor-element elementor-element-cbf98c4 textoLegible\" data-id=\"cbf98c4\" data-element_type=\"column\">\n\t\t\t<div class=\"elementor-widget-wrap elementor-element-populated\">\n\t\t\t\t\t\t\t\t<div class=\"elementor-element elementor-element-e6a808b elementor-widget elementor-widget-text-editor\" data-id=\"e6a808b\" data-element_type=\"widget\" data-widget_type=\"text-editor.default\">\n\t\t\t\t<div class=\"elementor-widget-container\">\n\t\t\t\t\t\t\t<div class=\"contenido-pagina translation-block\">The entire<b>Solditrans <\/b>team is committed to the future, open to new suggestions and the development of new businesses proposed by our clients. Our qualified staff, the innovation of our resources, our progress with technological innovations and the recognition of our clients and collaborators make us one of the fastest-growing companies in our sector year after year. And thanks to all of them, we will continue to improve in order to continue offering the best possible offer and professionalism.<\/div>\t\t\t\t\t\t<\/div>\n\t\t\t\t<\/div>\n\t\t\t\t\t<\/div>\n\t\t<\/div>\n\t\t\t\t\t\t\t<\/div>\n\t\t<\/section>\n\t\t\t\t<section class=\"elementor-section elementor-top-section elementor-element elementor-element-65fa60e4 elementor-section-boxed elementor-section-height-default elementor-section-height-default\" data-id=\"65fa60e4\" data-element_type=\"section\" data-settings=\"{&quot;background_background&quot;:&quot;classic&quot;}\">\n\t\t\t\t\t\t\t<div class=\"elementor-background-overlay\"><\/div>\n\t\t\t\t\t\t\t<div class=\"elementor-container elementor-column-gap-default\">\n\t\t\t\t\t<div class=\"elementor-column elementor-col-100 elementor-top-column elementor-element elementor-element-4b42cd1 textoLegible\" data-id=\"4b42cd1\" data-element_type=\"column\">\n\t\t\t<div class=\"elementor-widget-wrap elementor-element-populated\">\n\t\t\t\t\t\t\t\t<div class=\"elementor-element elementor-element-6726e560 animated-slow contenido-pagina elementor-invisible elementor-widget elementor-widget-heading\" data-id=\"6726e560\" data-element_type=\"widget\" data-settings=\"{&quot;_animation&quot;:&quot;fadeInUp&quot;}\" data-widget_type=\"heading.default\">\n\t\t\t\t<div class=\"elementor-widget-container\">\n\t\t\t<style>\/*! elementor - v3.9.1 - 14-12-2022 *\/\n.elementor-heading-title{padding:0;margin:0;line-height:1}.elementor-widget-heading .elementor-heading-title[class*=elementor-size-]>a{color:inherit;font-size:inherit;line-height:inherit}.elementor-widget-heading .elementor-heading-title.elementor-size-small{font-size:15px}.elementor-widget-heading .elementor-heading-title.elementor-size-medium{font-size:19px}.elementor-widget-heading .elementor-heading-title.elementor-size-large{font-size:29px}.elementor-widget-heading .elementor-heading-title.elementor-size-xl{font-size:39px}.elementor-widget-heading .elementor-heading-title.elementor-size-xxl{font-size:59px}<\/style><h2 class=\"elementor-heading-title elementor-size-default\">Calculate your freight quote<\/h2>\t\t<\/div>\n\t\t\t\t<\/div>\n\t\t\t\t<div class=\"elementor-element elementor-element-7108433a elementor-align-center animated-slow contenido-pagina elementor-invisible elementor-widget elementor-widget-button\" data-id=\"7108433a\" data-element_type=\"widget\" data-settings=\"{&quot;_animation&quot;:&quot;fadeInUp&quot;,&quot;_animation_delay&quot;:200}\" data-widget_type=\"button.default\">\n\t\t\t\t<div class=\"elementor-widget-container\">\n\t\t\t\t\t<div class=\"elementor-button-wrapper\">\n\t\t\t<a href=\"https:\/\/solditrans.com\/en\/#presupuesto#presupuesto\" class=\"elementor-button-link elementor-button elementor-size-lg\" role=\"button\">\n\t\t\t\t\t\t<span class=\"elementor-button-content-wrapper\">\n\t\t\t\t\t\t<span class=\"elementor-button-text\">Estimate<\/span>\n\t\t<\/span>\n\t\t\t\t\t<\/a>\n\t\t<\/div>\n\t\t\t\t<\/div>\n\t\t\t\t<\/div>\n\t\t\t\t\t<\/div>\n\t\t<\/div>\n\t\t\t\t\t\t\t<\/div>\n\t\t<\/section>\n\t\t\t\t\t\t\t<\/div>","protected":false},"excerpt":{"rendered":"<p>La mercanc\u00eda est\u00e1 en el centro de nuestro trabajo. Ofrecemos la m\u00e1xima especializaci\u00f3n tanto en productos perecederos como refrigerados y congelados. Aportamos a nuestros clientes m\u00e1s de dos d\u00e9cadas de experiencia en rutas nacionales e internacionales. Llevamos los productos con toda su calidad y frescura a los rincones m\u00e1s alejados de Europa. Podr\u00e1 cruzarse con [&hellip;]<\/p>","protected":false},"author":1,"featured_media":0,"parent":0,"menu_order":0,"comment_status":"closed","ping_status":"closed","template":"elementor_header_footer","meta":{"footnotes":""},"class_list":["post-1285","page","type-page","status-publish","hentry"],"yoast_head":"<!-- This site is optimized with the Yoast SEO plugin v19.12 - https:\/\/yoast.com\/wordpress\/plugins\/seo\/ -->\n<title>Transporte frigor\u00edfico internacional alimentos | Solditrans<\/title>\n<meta name=\"description\" content=\"Especialistas en el transporte internacional de mercanc\u00edas perecederas, refrigeradas y congeladas por Europa central, norte y del este.\" \/>\n<meta name=\"robots\" content=\"index, follow, max-snippet:-1, max-image-preview:large, max-video-preview:-1\" \/>\n<link rel=\"canonical\" href=\"https:\/\/solditrans.com\/en\/mercancias\/\" \/>\n<meta property=\"og:locale\" content=\"en_GB\" \/>\n<meta property=\"og:type\" content=\"article\" \/>\n<meta property=\"og:title\" content=\"Transporte frigor\u00edfico internacional alimentos | Solditrans\" \/>\n<meta property=\"og:description\" content=\"Especialistas en el transporte internacional de mercanc\u00edas perecederas, refrigeradas y congeladas por Europa central, norte y del este.\" \/>\n<meta property=\"og:url\" content=\"https:\/\/solditrans.com\/en\/mercancias\/\" \/>\n<meta property=\"og:site_name\" content=\"Solditrans\" \/>\n<meta property=\"article:modified_time\" content=\"2023-10-02T10:36:41+00:00\" \/>\n<meta name=\"twitter:card\" content=\"summary_large_image\" \/>\n<meta name=\"twitter:label1\" content=\"Estimated reading time\" \/>\n\t<meta name=\"twitter:data1\" content=\"2 minutes\" \/>\n<script type=\"application\/ld+json\" class=\"yoast-schema-graph\">{\"@context\":\"https:\/\/schema.org\",\"@graph\":[{\"@type\":\"WebPage\",\"@id\":\"https:\/\/solditrans.com\/mercancias\/\",\"url\":\"https:\/\/solditrans.com\/mercancias\/\",\"name\":\"Transporte frigor\u00edfico internacional alimentos | Solditrans\",\"isPartOf\":{\"@id\":\"https:\/\/solditrans.com\/#website\"},\"datePublished\":\"2022-04-08T23:00:46+00:00\",\"dateModified\":\"2023-10-02T10:36:41+00:00\",\"description\":\"Especialistas en el transporte internacional de mercanc\u00edas perecederas, refrigeradas y congeladas por Europa central, norte y del este.\",\"breadcrumb\":{\"@id\":\"https:\/\/solditrans.com\/mercancias\/#breadcrumb\"},\"inLanguage\":\"en-GB\",\"potentialAction\":[{\"@type\":\"ReadAction\",\"target\":[\"https:\/\/solditrans.com\/mercancias\/\"]}]},{\"@type\":\"BreadcrumbList\",\"@id\":\"https:\/\/solditrans.com\/mercancias\/#breadcrumb\",\"itemListElement\":[{\"@type\":\"ListItem\",\"position\":1,\"name\":\"Portada\",\"item\":\"https:\/\/solditrans.com\/\"},{\"@type\":\"ListItem\",\"position\":2,\"name\":\"Transporte internacional de alimentos\"}]},{\"@type\":\"WebSite\",\"@id\":\"https:\/\/solditrans.com\/#website\",\"url\":\"https:\/\/solditrans.com\/\",\"name\":\"Solditrans\",\"description\":\"Otro sitio realizado con WordPress\",\"potentialAction\":[{\"@type\":\"SearchAction\",\"target\":{\"@type\":\"EntryPoint\",\"urlTemplate\":\"https:\/\/solditrans.com\/?s={search_term_string}\"},\"query-input\":\"required name=search_term_string\"}],\"inLanguage\":\"en-GB\"}]}<\/script>\n<!-- \/ Yoast SEO plugin. -->","yoast_head_json":{"title":"Transporte frigor\u00edfico internacional alimentos | Solditrans","description":"Especialistas en el transporte internacional de mercanc\u00edas perecederas, refrigeradas y congeladas por Europa central, norte y del este.","robots":{"index":"index","follow":"follow","max-snippet":"max-snippet:-1","max-image-preview":"max-image-preview:large","max-video-preview":"max-video-preview:-1"},"canonical":"https:\/\/solditrans.com\/en\/mercancias\/","og_locale":"en_GB","og_type":"article","og_title":"Transporte frigor\u00edfico internacional alimentos | Solditrans","og_description":"Especialistas en el transporte internacional de mercanc\u00edas perecederas, refrigeradas y congeladas por Europa central, norte y del este.","og_url":"https:\/\/solditrans.com\/en\/mercancias\/","og_site_name":"Solditrans","article_modified_time":"2023-10-02T10:36:41+00:00","twitter_card":"summary_large_image","twitter_misc":{"Estimated reading time":"2 minutes"},"schema":{"@context":"https:\/\/schema.org","@graph":[{"@type":"WebPage","@id":"https:\/\/solditrans.com\/mercancias\/","url":"https:\/\/solditrans.com\/mercancias\/","name":"Transporte frigor\u00edfico internacional alimentos | Solditrans","isPartOf":{"@id":"https:\/\/solditrans.com\/#website"},"datePublished":"2022-04-08T23:00:46+00:00","dateModified":"2023-10-02T10:36:41+00:00","description":"Especialistas en el transporte internacional de mercanc\u00edas perecederas, refrigeradas y congeladas por Europa central, norte y del este.","breadcrumb":{"@id":"https:\/\/solditrans.com\/mercancias\/#breadcrumb"},"inLanguage":"en-GB","potentialAction":[{"@type":"ReadAction","target":["https:\/\/solditrans.com\/mercancias\/"]}]},{"@type":"BreadcrumbList","@id":"https:\/\/solditrans.com\/mercancias\/#breadcrumb","itemListElement":[{"@type":"ListItem","position":1,"name":"Portada","item":"https:\/\/solditrans.com\/"},{"@type":"ListItem","position":2,"name":"Transporte internacional de alimentos"}]},{"@type":"WebSite","@id":"https:\/\/solditrans.com\/#website","url":"https:\/\/solditrans.com\/","name":"Solditrans","description":"Otro sitio realizado con WordPress","potentialAction":[{"@type":"SearchAction","target":{"@type":"EntryPoint","urlTemplate":"https:\/\/solditrans.com\/?s={search_term_string}"},"query-input":"required name=search_term_string"}],"inLanguage":"en-GB"}]}},"acf":[],"_links":{"self":[{"href":"https:\/\/solditrans.com\/en\/wp-json\/wp\/v2\/pages\/1285","targetHints":{"allow":["GET"]}}],"collection":[{"href":"https:\/\/solditrans.com\/en\/wp-json\/wp\/v2\/pages"}],"about":[{"href":"https:\/\/solditrans.com\/en\/wp-json\/wp\/v2\/types\/page"}],"author":[{"embeddable":true,"href":"https:\/\/solditrans.com\/en\/wp-json\/wp\/v2\/users\/1"}],"replies":[{"embeddable":true,"href":"https:\/\/solditrans.com\/en\/wp-json\/wp\/v2\/comments?post=1285"}],"version-history":[{"count":63,"href":"https:\/\/solditrans.com\/en\/wp-json\/wp\/v2\/pages\/1285\/revisions"}],"predecessor-version":[{"id":2803,"href":"https:\/\/solditrans.com\/en\/wp-json\/wp\/v2\/pages\/1285\/revisions\/2803"}],"wp:attachment":[{"href":"https:\/\/solditrans.com\/en\/wp-json\/wp\/v2\/media?parent=1285"}],"curies":[{"name":"wp","href":"https:\/\/api.w.org\/{rel}","templated":true}]}}