{"id":1227,"date":"2022-04-05T15:56:40","date_gmt":"2022-04-05T15:56:40","guid":{"rendered":"https:\/\/codexpeed.com\/transland\/?page_id=1227"},"modified":"2023-11-17T12:48:50","modified_gmt":"2023-11-17T12:48:50","slug":"destinos-origenes","status":"publish","type":"page","link":"https:\/\/solditrans.com\/en\/destinos-origenes\/","title":{"rendered":"Log\u00edstica y transporte internacional terrestre"},"content":{"rendered":"<div data-elementor-type=\"wp-page\" data-elementor-id=\"1227\" class=\"elementor elementor-1227\">\n\t\t\t\t\t\t\t\t\t<section class=\"elementor-section elementor-top-section elementor-element elementor-element-f095701 animated-slow elementor-section-boxed elementor-section-height-default elementor-section-height-default elementor-invisible\" data-id=\"f095701\" data-element_type=\"section\" data-settings=\"{&quot;animation&quot;:&quot;fadeInUp&quot;}\">\n\t\t\t\t\t\t<div class=\"elementor-container elementor-column-gap-default\">\n\t\t\t\t\t<div class=\"elementor-column elementor-col-100 elementor-top-column elementor-element elementor-element-54d3a96 textoLegible\" data-id=\"54d3a96\" data-element_type=\"column\">\n\t\t\t<div class=\"elementor-widget-wrap elementor-element-populated\">\n\t\t\t\t\t\t\t\t<div class=\"elementor-element elementor-element-6a042cd elementor-widget elementor-widget-text-editor\" data-id=\"6a042cd\" data-element_type=\"widget\" data-widget_type=\"text-editor.default\">\n\t\t\t\t<div class=\"elementor-widget-container\">\n\t\t\t<style>\/*! elementor - v3.9.1 - 14-12-2022 *\/\n.elementor-widget-text-editor.elementor-drop-cap-view-stacked .elementor-drop-cap{background-color:#818a91;color:#fff}.elementor-widget-text-editor.elementor-drop-cap-view-framed .elementor-drop-cap{color:#818a91;border:3px solid;background-color:transparent}.elementor-widget-text-editor:not(.elementor-drop-cap-view-default) .elementor-drop-cap{margin-top:8px}.elementor-widget-text-editor:not(.elementor-drop-cap-view-default) .elementor-drop-cap-letter{width:1em;height:1em}.elementor-widget-text-editor .elementor-drop-cap{float:left;text-align:center;line-height:1;font-size:50px}.elementor-widget-text-editor .elementor-drop-cap-letter{display:inline-block}<\/style>\t\t\t\t<h2><a class=\"ptr-keyword ptr-keyword-tag__keyword ___SLink_t9cd5-ptr __noWrapText_t9cd5-ptr ___SText_114hw-ptr\" tabindex=\"0\" role=\"link\" href=\"https:\/\/es.semrush.com\/tracking\/overview\/12845421_1168262.html?filter=%2B%7CPh%7CEq%7Ctransporte+internacional+de+mercanc%C3%ADas&amp;report_mode=domain_1&amp;sort=0_pos_asc&amp;volume_type=local&amp;domain_1=solditrans.com&amp;domain_2=elmosca.es&amp;domain_3=transgallego.com&amp;domain_4=primafrio.com\" rel=\"noreferrer nofollow noopener\" data-ui-name=\"Link\" aria-disabled=\"false\" data-ga-event=\"{&quot;category&quot;:&quot;Tracking&quot;,&quot;action&quot;:&quot;Overview&quot;,&quot;label&quot;:&quot;KeywordClick&quot;}\"><span class=\"___SText_t9cd5-ptr\" data-ui-name=\"Link.Text\">Transporte internacional de mercanc\u00edas<\/span><\/a><\/h2><p class=\" translation-block\">Our logistics company guarantees delivery of your goods to any European destination, always on time. Solditrans lorries have been travelling to Portugal, France, the United Kingdom, Belgium, Holland, Germany and Denmark, among other countries, since 1999. This makes us an expert in the European context. Our clients benefit from experience, security and solvency.<\/p><p class=\" translation-block\">Another of our hallmarks is flexibility: <strong>Solditrans<\/strong> consolidates your goods in a flexible way. Our groupage service provides collection at different loading points. We also carry out multiple deliveries.\u00a0<\/p><p class=\" translation-block\">In our <strong>focus on evolution and growth<\/strong>, we have expanded our horizons to Poland, Lithuania, Czech Republic, Slovakia, Hungary, Slovenia and Romania. We apply our experience to take our customers' products further. We bring them closer to emerging markets full of opportunities such as Eastern Europe.<\/p>\t\t\t\t\t\t<\/div>\n\t\t\t\t<\/div>\n\t\t\t\t\t<\/div>\n\t\t<\/div>\n\t\t\t\t\t\t\t<\/div>\n\t\t<\/section>\n\t\t\t\t<section class=\"elementor-section elementor-top-section elementor-element elementor-element-4ee66d95 elementor-section-boxed elementor-section-height-default elementor-section-height-default\" data-id=\"4ee66d95\" data-element_type=\"section\">\n\t\t\t\t\t\t<div class=\"elementor-container elementor-column-gap-default\">\n\t\t\t\t\t<div class=\"elementor-column elementor-col-50 elementor-top-column elementor-element elementor-element-536fa6e2 animated-slow elementor-invisible\" data-id=\"536fa6e2\" data-element_type=\"column\" data-settings=\"{&quot;animation&quot;:&quot;fadeInLeft&quot;}\">\n\t\t\t<div class=\"elementor-widget-wrap elementor-element-populated\">\n\t\t\t\t\t\t\t\t<div class=\"elementor-element elementor-element-72f75850 elementor-widget elementor-widget-image\" data-id=\"72f75850\" data-element_type=\"widget\" data-widget_type=\"image.default\">\n\t\t\t\t<div class=\"elementor-widget-container\">\n\t\t\t<style>\/*! elementor - v3.9.1 - 14-12-2022 *\/\n.elementor-widget-image{text-align:center}.elementor-widget-image a{display:inline-block}.elementor-widget-image a img[src$=\".svg\"]{width:48px}.elementor-widget-image img{vertical-align:middle;display:inline-block}<\/style>\t\t\t\t\t\t\t\t\t\t\t\t<img title=\"Mapa De Destinos En Europa\" loading=\"lazy\" decoding=\"async\" width=\"722\" height=\"722\" src=\"https:\/\/solditrans.com\/wp-content\/uploads\/2022\/09\/mapa-europa-solditrans-1.png\" class=\"attachment-large size-large wp-image-2436\" alt=\"Mapa de destinos en Europa\" srcset=\"https:\/\/solditrans.com\/wp-content\/uploads\/2022\/09\/mapa-europa-solditrans-1.png 722w, https:\/\/solditrans.com\/wp-content\/uploads\/2022\/09\/mapa-europa-solditrans-1-300x300.png 300w, https:\/\/solditrans.com\/wp-content\/uploads\/2022\/09\/mapa-europa-solditrans-1-100x100.png 100w, https:\/\/solditrans.com\/wp-content\/uploads\/2022\/09\/mapa-europa-solditrans-1-600x600.png 600w, https:\/\/solditrans.com\/wp-content\/uploads\/2022\/09\/mapa-europa-solditrans-1-150x150.png 150w, https:\/\/solditrans.com\/wp-content\/uploads\/2022\/09\/mapa-europa-solditrans-1-12x12.png 12w\" sizes=\"auto, (max-width: 722px) 100vw, 722px\" \/>\t\t\t\t\t\t\t\t\t\t\t\t\t\t\t<\/div>\n\t\t\t\t<\/div>\n\t\t\t\t\t<\/div>\n\t\t<\/div>\n\t\t\t\t<div class=\"elementor-column elementor-col-50 elementor-top-column elementor-element elementor-element-70d313d2 textoLegible\" data-id=\"70d313d2\" data-element_type=\"column\">\n\t\t\t<div class=\"elementor-widget-wrap elementor-element-populated\">\n\t\t\t\t\t\t\t\t<div class=\"elementor-element elementor-element-4efbe0a3 animated-slow elementor-invisible elementor-widget elementor-widget-html\" data-id=\"4efbe0a3\" data-element_type=\"widget\" data-settings=\"{&quot;_animation&quot;:&quot;fadeInRight&quot;,&quot;_animation_delay&quot;:200}\" data-widget_type=\"html.default\">\n\t\t\t\t<div class=\"elementor-widget-container\">\n\t\t\t<table class=\"tabla-destinos\" id=\"tabla-home\">\r\n  <tr>\r\n    <td><img title=\"Leyenda Mapa Sede\" alt=\"Leyenda Mapa Sede\" decoding=\"async\" src=\"https:\/\/solditrans.com\/wp-content\/uploads\/2022\/08\/gps.png\"><span>Solditrans headquarters<\/span><\/td>\r\n  <\/tr>\r\n  <tr>\r\n    <td><img title=\"Leyenda Mapa Punto Trasbodo\" alt=\"Leyenda Mapa Punto Trasbodo\" decoding=\"async\" src=\"https:\/\/solditrans.com\/wp-content\/uploads\/2022\/08\/pin.png\"><span>Transhipment points<\/span><\/td>\r\n  <\/tr>\r\n  <tr>\r\n    <td><img title=\"Leyenda Mapa Ubicaci N\" alt=\"Leyenda Mapa Ubicaci N\" decoding=\"async\" src=\"https:\/\/solditrans.com\/wp-content\/uploads\/2022\/08\/point.png\"><span>Destinos\/Or\u00edgenes habituales<\/span><\/td>\r\n  <\/tr>\r\n<\/table>\t\t<\/div>\n\t\t\t\t<\/div>\n\t\t\t\t\t<\/div>\n\t\t<\/div>\n\t\t\t\t\t\t\t<\/div>\n\t\t<\/section>\n\t\t\t\t<section class=\"elementor-section elementor-top-section elementor-element elementor-element-e12dc38 animated-slow elementor-section-boxed elementor-section-height-default elementor-section-height-default elementor-invisible\" data-id=\"e12dc38\" data-element_type=\"section\" data-settings=\"{&quot;animation&quot;:&quot;fadeInUp&quot;}\">\n\t\t\t\t\t\t<div class=\"elementor-container elementor-column-gap-default\">\n\t\t\t\t\t<div class=\"elementor-column elementor-col-100 elementor-top-column elementor-element elementor-element-d449a9e textoLegible\" data-id=\"d449a9e\" data-element_type=\"column\">\n\t\t\t<div class=\"elementor-widget-wrap elementor-element-populated\">\n\t\t\t\t\t\t\t\t<div class=\"elementor-element elementor-element-58aeaf1 elementor-widget elementor-widget-text-editor\" data-id=\"58aeaf1\" data-element_type=\"widget\" data-widget_type=\"text-editor.default\">\n\t\t\t\t<div class=\"elementor-widget-container\">\n\t\t\t\t\t\t\t<p class=\" translation-block\">We have transhipment points for refrigerated goods in Spain (Madrid, Barcelona and Tudela) and the south of France (Perpignan and Avignon). This ensures 100% preservation of the quality of the cargo on international journeys.\u00a0For their part, our groupage platforms in Madrid and Barcelona guarantee perfect distribution at national level.<\/p><p>\u00a0<\/p><p class=\" translation-block\">Do you want to take your products further? Our commercial department will offer you the best quotation for the transport of perishable, refrigerated and frozen goods, both to Northern and Central Europe as well as Eastern Europe. We offer you the most competitive rates, always adjusted to your needs and with the highest quality standards.<\/p><p>\u00a0<\/p><p class=\" translation-block\"><strong>Solditrans<\/strong> is a company dedicated to both export and import: our delivery points are also points of departure.\u00a0Contact us to find out more.<\/p>\t\t\t\t\t\t<\/div>\n\t\t\t\t<\/div>\n\t\t\t\t\t<\/div>\n\t\t<\/div>\n\t\t\t\t\t\t\t<\/div>\n\t\t<\/section>\n\t\t\t\t<section class=\"elementor-section elementor-top-section elementor-element elementor-element-12a390 elementor-section-full_width elementor-section-height-default elementor-section-height-default\" data-id=\"12a390\" data-element_type=\"section\" data-settings=\"{&quot;background_background&quot;:&quot;classic&quot;}\">\n\t\t\t\t\t\t\t<div class=\"elementor-background-overlay\"><\/div>\n\t\t\t\t\t\t\t<div class=\"elementor-container elementor-column-gap-default\">\n\t\t\t\t\t<div class=\"elementor-column elementor-col-100 elementor-top-column elementor-element elementor-element-1a10fd49\" data-id=\"1a10fd49\" data-element_type=\"column\">\n\t\t\t<div class=\"elementor-widget-wrap elementor-element-populated\">\n\t\t\t\t\t\t\t\t<section class=\"elementor-section elementor-inner-section elementor-element elementor-element-464bc98 elementor-section-boxed elementor-section-height-default elementor-section-height-default\" data-id=\"464bc98\" data-element_type=\"section\">\n\t\t\t\t\t\t<div class=\"elementor-container elementor-column-gap-default\">\n\t\t\t\t\t<div class=\"elementor-column elementor-col-100 elementor-inner-column elementor-element elementor-element-9f6bca9 textoLegible\" data-id=\"9f6bca9\" data-element_type=\"column\">\n\t\t\t<div class=\"elementor-widget-wrap elementor-element-populated\">\n\t\t\t\t\t\t\t\t<div class=\"elementor-element elementor-element-680bbe43 animated-slow elementor-invisible elementor-widget elementor-widget-heading\" data-id=\"680bbe43\" data-element_type=\"widget\" data-settings=\"{&quot;_animation&quot;:&quot;fadeInUp&quot;}\" data-widget_type=\"heading.default\">\n\t\t\t\t<div class=\"elementor-widget-container\">\n\t\t\t<style>\/*! elementor - v3.9.1 - 14-12-2022 *\/\n.elementor-heading-title{padding:0;margin:0;line-height:1}.elementor-widget-heading .elementor-heading-title[class*=elementor-size-]>a{color:inherit;font-size:inherit;line-height:inherit}.elementor-widget-heading .elementor-heading-title.elementor-size-small{font-size:15px}.elementor-widget-heading .elementor-heading-title.elementor-size-medium{font-size:19px}.elementor-widget-heading .elementor-heading-title.elementor-size-large{font-size:29px}.elementor-widget-heading .elementor-heading-title.elementor-size-xl{font-size:39px}.elementor-widget-heading .elementor-heading-title.elementor-size-xxl{font-size:59px}<\/style><h2 class=\"elementor-heading-title elementor-size-default\">Calculate your freight quote<\/h2>\t\t<\/div>\n\t\t\t\t<\/div>\n\t\t\t\t<div class=\"elementor-element elementor-element-e68807c elementor-align-center animated-slow elementor-invisible elementor-widget elementor-widget-button\" data-id=\"e68807c\" data-element_type=\"widget\" data-settings=\"{&quot;_animation&quot;:&quot;fadeInUp&quot;,&quot;_animation_delay&quot;:200}\" data-widget_type=\"button.default\">\n\t\t\t\t<div class=\"elementor-widget-container\">\n\t\t\t\t\t<div class=\"elementor-button-wrapper\">\n\t\t\t<a href=\"https:\/\/solditrans.com\/en\/#presupuesto#presupuesto\" class=\"elementor-button-link elementor-button elementor-size-lg\" role=\"button\">\n\t\t\t\t\t\t<span class=\"elementor-button-content-wrapper\">\n\t\t\t\t\t\t<span class=\"elementor-button-text\">Estimate<\/span>\n\t\t<\/span>\n\t\t\t\t\t<\/a>\n\t\t<\/div>\n\t\t\t\t<\/div>\n\t\t\t\t<\/div>\n\t\t\t\t\t<\/div>\n\t\t<\/div>\n\t\t\t\t\t\t\t<\/div>\n\t\t<\/section>\n\t\t\t\t\t<\/div>\n\t\t<\/div>\n\t\t\t\t\t\t\t<\/div>\n\t\t<\/section>\n\t\t\t\t\t\t\t<\/div>","protected":false},"excerpt":{"rendered":"<p>Transporte internacional de mercanc\u00edas Nuestra empresa log\u00edstica le garantiza la entrega de su mercanc\u00eda en cualquier destinaci\u00f3n europea siempre a tiempo. Los camiones de Solditrans llevan desde 1999 recorriendo Portugal, Francia, Reino Unido, B\u00e9lgica, Holanda, Alemania y Dinamarca, entre otros pa\u00edses. Esto nos convierte en una firma experta en el contexto europeo. Nuestros clientes se [&hellip;]<\/p>","protected":false},"author":1,"featured_media":0,"parent":0,"menu_order":0,"comment_status":"closed","ping_status":"closed","template":"elementor_header_footer","meta":{"footnotes":""},"class_list":["post-1227","page","type-page","status-publish","hentry"],"yoast_head":"<!-- This site is optimized with the Yoast SEO plugin v19.12 - https:\/\/yoast.com\/wordpress\/plugins\/seo\/ -->\n<title>Empresa de Transporte Internacional Terrestre | Solditrans<\/title>\n<meta name=\"description\" content=\"Empresa de transporte y log\u00edstica por carretera. Somos especialistas en la distribuci\u00f3n internacional frigor\u00edfico hacia Alemania y Dinamarca.\" \/>\n<meta name=\"robots\" content=\"index, follow, max-snippet:-1, max-image-preview:large, max-video-preview:-1\" \/>\n<link rel=\"canonical\" href=\"https:\/\/solditrans.com\/en\/destinos-origenes\/\" \/>\n<meta property=\"og:locale\" content=\"en_GB\" \/>\n<meta property=\"og:type\" content=\"article\" \/>\n<meta property=\"og:title\" content=\"Empresa de Transporte Internacional Terrestre | Solditrans\" \/>\n<meta property=\"og:description\" content=\"Empresa de transporte y log\u00edstica por carretera. Somos especialistas en la distribuci\u00f3n internacional frigor\u00edfico hacia Alemania y Dinamarca.\" \/>\n<meta property=\"og:url\" content=\"https:\/\/solditrans.com\/en\/destinos-origenes\/\" \/>\n<meta property=\"og:site_name\" content=\"Solditrans\" \/>\n<meta property=\"article:modified_time\" content=\"2023-11-17T12:48:50+00:00\" \/>\n<meta property=\"og:image\" content=\"https:\/\/solditrans.com\/wp-content\/uploads\/2022\/09\/mapa-europa-solditrans-1.png\" \/>\n<meta name=\"twitter:card\" content=\"summary_large_image\" \/>\n<meta name=\"twitter:label1\" content=\"Estimated reading time\" \/>\n\t<meta name=\"twitter:data1\" content=\"3 minutes\" \/>\n<script type=\"application\/ld+json\" class=\"yoast-schema-graph\">{\"@context\":\"https:\/\/schema.org\",\"@graph\":[{\"@type\":\"WebPage\",\"@id\":\"https:\/\/solditrans.com\/destinos-origenes\/\",\"url\":\"https:\/\/solditrans.com\/destinos-origenes\/\",\"name\":\"Empresa de Transporte Internacional Terrestre | Solditrans\",\"isPartOf\":{\"@id\":\"https:\/\/solditrans.com\/#website\"},\"datePublished\":\"2022-04-05T15:56:40+00:00\",\"dateModified\":\"2023-11-17T12:48:50+00:00\",\"description\":\"Empresa de transporte y log\u00edstica por carretera. Somos especialistas en la distribuci\u00f3n internacional frigor\u00edfico hacia Alemania y Dinamarca.\",\"breadcrumb\":{\"@id\":\"https:\/\/solditrans.com\/destinos-origenes\/#breadcrumb\"},\"inLanguage\":\"en-GB\",\"potentialAction\":[{\"@type\":\"ReadAction\",\"target\":[\"https:\/\/solditrans.com\/destinos-origenes\/\"]}]},{\"@type\":\"BreadcrumbList\",\"@id\":\"https:\/\/solditrans.com\/destinos-origenes\/#breadcrumb\",\"itemListElement\":[{\"@type\":\"ListItem\",\"position\":1,\"name\":\"Portada\",\"item\":\"https:\/\/solditrans.com\/\"},{\"@type\":\"ListItem\",\"position\":2,\"name\":\"Log\u00edstica y transporte internacional terrestre\"}]},{\"@type\":\"WebSite\",\"@id\":\"https:\/\/solditrans.com\/#website\",\"url\":\"https:\/\/solditrans.com\/\",\"name\":\"Solditrans\",\"description\":\"Otro sitio realizado con WordPress\",\"potentialAction\":[{\"@type\":\"SearchAction\",\"target\":{\"@type\":\"EntryPoint\",\"urlTemplate\":\"https:\/\/solditrans.com\/?s={search_term_string}\"},\"query-input\":\"required name=search_term_string\"}],\"inLanguage\":\"en-GB\"}]}<\/script>\n<!-- \/ Yoast SEO plugin. -->","yoast_head_json":{"title":"Empresa de Transporte Internacional Terrestre | Solditrans","description":"Empresa de transporte y log\u00edstica por carretera. Somos especialistas en la distribuci\u00f3n internacional frigor\u00edfico hacia Alemania y Dinamarca.","robots":{"index":"index","follow":"follow","max-snippet":"max-snippet:-1","max-image-preview":"max-image-preview:large","max-video-preview":"max-video-preview:-1"},"canonical":"https:\/\/solditrans.com\/en\/destinos-origenes\/","og_locale":"en_GB","og_type":"article","og_title":"Empresa de Transporte Internacional Terrestre | Solditrans","og_description":"Empresa de transporte y log\u00edstica por carretera. Somos especialistas en la distribuci\u00f3n internacional frigor\u00edfico hacia Alemania y Dinamarca.","og_url":"https:\/\/solditrans.com\/en\/destinos-origenes\/","og_site_name":"Solditrans","article_modified_time":"2023-11-17T12:48:50+00:00","og_image":[{"url":"https:\/\/solditrans.com\/wp-content\/uploads\/2022\/09\/mapa-europa-solditrans-1.png"}],"twitter_card":"summary_large_image","twitter_misc":{"Estimated reading time":"3 minutes"},"schema":{"@context":"https:\/\/schema.org","@graph":[{"@type":"WebPage","@id":"https:\/\/solditrans.com\/destinos-origenes\/","url":"https:\/\/solditrans.com\/destinos-origenes\/","name":"Empresa de Transporte Internacional Terrestre | Solditrans","isPartOf":{"@id":"https:\/\/solditrans.com\/#website"},"datePublished":"2022-04-05T15:56:40+00:00","dateModified":"2023-11-17T12:48:50+00:00","description":"Empresa de transporte y log\u00edstica por carretera. Somos especialistas en la distribuci\u00f3n internacional frigor\u00edfico hacia Alemania y Dinamarca.","breadcrumb":{"@id":"https:\/\/solditrans.com\/destinos-origenes\/#breadcrumb"},"inLanguage":"en-GB","potentialAction":[{"@type":"ReadAction","target":["https:\/\/solditrans.com\/destinos-origenes\/"]}]},{"@type":"BreadcrumbList","@id":"https:\/\/solditrans.com\/destinos-origenes\/#breadcrumb","itemListElement":[{"@type":"ListItem","position":1,"name":"Portada","item":"https:\/\/solditrans.com\/"},{"@type":"ListItem","position":2,"name":"Log\u00edstica y transporte internacional terrestre"}]},{"@type":"WebSite","@id":"https:\/\/solditrans.com\/#website","url":"https:\/\/solditrans.com\/","name":"Solditrans","description":"Otro sitio realizado con WordPress","potentialAction":[{"@type":"SearchAction","target":{"@type":"EntryPoint","urlTemplate":"https:\/\/solditrans.com\/?s={search_term_string}"},"query-input":"required name=search_term_string"}],"inLanguage":"en-GB"}]}},"acf":[],"_links":{"self":[{"href":"https:\/\/solditrans.com\/en\/wp-json\/wp\/v2\/pages\/1227","targetHints":{"allow":["GET"]}}],"collection":[{"href":"https:\/\/solditrans.com\/en\/wp-json\/wp\/v2\/pages"}],"about":[{"href":"https:\/\/solditrans.com\/en\/wp-json\/wp\/v2\/types\/page"}],"author":[{"embeddable":true,"href":"https:\/\/solditrans.com\/en\/wp-json\/wp\/v2\/users\/1"}],"replies":[{"embeddable":true,"href":"https:\/\/solditrans.com\/en\/wp-json\/wp\/v2\/comments?post=1227"}],"version-history":[{"count":55,"href":"https:\/\/solditrans.com\/en\/wp-json\/wp\/v2\/pages\/1227\/revisions"}],"predecessor-version":[{"id":2832,"href":"https:\/\/solditrans.com\/en\/wp-json\/wp\/v2\/pages\/1227\/revisions\/2832"}],"wp:attachment":[{"href":"https:\/\/solditrans.com\/en\/wp-json\/wp\/v2\/media?parent=1227"}],"curies":[{"name":"wp","href":"https:\/\/api.w.org\/{rel}","templated":true}]}}