{"id":1205,"date":"2022-04-05T05:53:00","date_gmt":"2022-04-05T05:53:00","guid":{"rendered":"https:\/\/codexpeed.com\/transland\/?page_id=1205"},"modified":"2023-11-17T12:37:21","modified_gmt":"2023-11-17T12:37:21","slug":"empresa","status":"publish","type":"page","link":"https:\/\/solditrans.com\/en\/empresa\/","title":{"rendered":"Empresa de transporte frigor\u00edfico por carretera"},"content":{"rendered":"<div data-elementor-type=\"wp-page\" data-elementor-id=\"1205\" class=\"elementor elementor-1205\">\n\t\t\t\t\t\t\t\t\t<section class=\"elementor-section elementor-top-section elementor-element elementor-element-7511175 elementor-section-boxed elementor-section-height-default elementor-section-height-default\" data-id=\"7511175\" data-element_type=\"section\">\n\t\t\t\t\t\t<div class=\"elementor-container elementor-column-gap-default\">\n\t\t\t\t\t<div class=\"elementor-column elementor-col-50 elementor-top-column elementor-element elementor-element-b6e9c6b animated-slow elementor-invisible\" data-id=\"b6e9c6b\" data-element_type=\"column\" data-settings=\"{&quot;animation&quot;:&quot;fadeInLeft&quot;}\">\n\t\t\t<div class=\"elementor-widget-wrap elementor-element-populated\">\n\t\t\t\t\t\t\t\t<div class=\"elementor-element elementor-element-3d3e03f elementor-widget elementor-widget-image\" data-id=\"3d3e03f\" data-element_type=\"widget\" data-widget_type=\"image.default\">\n\t\t\t\t<div class=\"elementor-widget-container\">\n\t\t\t<style>\/*! elementor - v3.9.1 - 14-12-2022 *\/\n.elementor-widget-image{text-align:center}.elementor-widget-image a{display:inline-block}.elementor-widget-image a img[src$=\".svg\"]{width:48px}.elementor-widget-image img{vertical-align:middle;display:inline-block}<\/style>\t\t\t\t\t\t\t\t\t\t\t\t<img title=\"Cami N De Solditrans Log Stica\" loading=\"lazy\" decoding=\"async\" width=\"900\" height=\"755\" src=\"https:\/\/solditrans.com\/wp-content\/uploads\/2022\/09\/solditrans-transporte-europeo.png\" class=\"attachment-full size-full wp-image-2443\" alt=\"Cami\u00f3n de Solditrans Log\u00edstica\" srcset=\"https:\/\/solditrans.com\/wp-content\/uploads\/2022\/09\/solditrans-transporte-europeo.png 900w, https:\/\/solditrans.com\/wp-content\/uploads\/2022\/09\/solditrans-transporte-europeo-600x503.png 600w, https:\/\/solditrans.com\/wp-content\/uploads\/2022\/09\/solditrans-transporte-europeo-300x252.png 300w, https:\/\/solditrans.com\/wp-content\/uploads\/2022\/09\/solditrans-transporte-europeo-768x644.png 768w, https:\/\/solditrans.com\/wp-content\/uploads\/2022\/09\/solditrans-transporte-europeo-14x12.png 14w\" sizes=\"auto, (max-width: 900px) 100vw, 900px\" \/>\t\t\t\t\t\t\t\t\t\t\t\t\t\t\t<\/div>\n\t\t\t\t<\/div>\n\t\t\t\t\t<\/div>\n\t\t<\/div>\n\t\t\t\t<div class=\"elementor-column elementor-col-50 elementor-top-column elementor-element elementor-element-1515553 textoLegible\" data-id=\"1515553\" data-element_type=\"column\">\n\t\t\t<div class=\"elementor-widget-wrap elementor-element-populated\">\n\t\t\t\t\t\t\t\t<div class=\"elementor-element elementor-element-25ba7a1 animated-slow contenido-pagina elementor-invisible elementor-widget elementor-widget-modina_section_title\" data-id=\"25ba7a1\" data-element_type=\"widget\" data-settings=\"{&quot;_animation&quot;:&quot;fadeInRight&quot;}\" data-widget_type=\"modina_section_title.default\">\n\t\t\t\t<div class=\"elementor-widget-container\">\n\t\t\t\r\n        <div class=\"block-contents text-start\">\r\n        <div class=\"section-title\">\r\n            <h5 class=\"text-start\">Solditrans<\/h5>\r\n            <span>Since 1999<\/span>\r\n            <h3>Soldi<span>trans<\/span><\/h3>\r\n        <\/div>\r\n            <\/div>\r\n    \r\n    \t\t<\/div>\n\t\t\t\t<\/div>\n\t\t\t\t<section class=\"elementor-section elementor-inner-section elementor-element elementor-element-89a2cb7 about-content animated-slow elementor-section-boxed elementor-section-height-default elementor-section-height-default elementor-invisible\" data-id=\"89a2cb7\" data-element_type=\"section\" data-settings=\"{&quot;background_background&quot;:&quot;classic&quot;,&quot;animation&quot;:&quot;fadeInRight&quot;,&quot;animation_delay&quot;:200}\">\n\t\t\t\t\t\t<div class=\"elementor-container elementor-column-gap-no\">\n\t\t\t\t\t<div class=\"elementor-column elementor-col-100 elementor-inner-column elementor-element elementor-element-3c38eb2\" data-id=\"3c38eb2\" data-element_type=\"column\">\n\t\t\t<div class=\"elementor-widget-wrap elementor-element-populated\">\n\t\t\t\t\t\t\t\t<div class=\"elementor-element elementor-element-742db38 elementor-widget elementor-widget-text-editor\" data-id=\"742db38\" data-element_type=\"widget\" data-widget_type=\"text-editor.default\">\n\t\t\t\t<div class=\"elementor-widget-container\">\n\t\t\t<style>\/*! elementor - v3.9.1 - 14-12-2022 *\/\n.elementor-widget-text-editor.elementor-drop-cap-view-stacked .elementor-drop-cap{background-color:#818a91;color:#fff}.elementor-widget-text-editor.elementor-drop-cap-view-framed .elementor-drop-cap{color:#818a91;border:3px solid;background-color:transparent}.elementor-widget-text-editor:not(.elementor-drop-cap-view-default) .elementor-drop-cap{margin-top:8px}.elementor-widget-text-editor:not(.elementor-drop-cap-view-default) .elementor-drop-cap-letter{width:1em;height:1em}.elementor-widget-text-editor .elementor-drop-cap{float:left;text-align:center;line-height:1;font-size:50px}.elementor-widget-text-editor .elementor-drop-cap-letter{display:inline-block}<\/style>\t\t\t\t<div class=\"contenido-pagina translation-block\">Solditrans was founded in 1999 with the aim of providing its clients with a <strong>comprehensive logistics service<\/strong>. Since then, we have not stopped evolving, always moving in tune with the sector, open to new transport technologies and to the latest developments in the distribution and tracking of goods.<\/div>\n<br>\n\n<div class=\"contenido-pagina\">Our main destinations include Germany, Norway, Sweden and Finland. We are present throughout Central Europe and, increasingly, in the new markets of Eastern Europe.<\/div>\t\t\t\t\t\t<\/div>\n\t\t\t\t<\/div>\n\t\t\t\t\t<\/div>\n\t\t<\/div>\n\t\t\t\t\t\t\t<\/div>\n\t\t<\/section>\n\t\t\t\t\t<\/div>\n\t\t<\/div>\n\t\t\t\t\t\t\t<\/div>\n\t\t<\/section>\n\t\t\t\t<section class=\"elementor-section elementor-top-section elementor-element elementor-element-372b405 elementor-section-boxed elementor-section-height-default elementor-section-height-default\" data-id=\"372b405\" data-element_type=\"section\" data-settings=\"{&quot;background_background&quot;:&quot;classic&quot;}\">\n\t\t\t\t\t\t<div class=\"elementor-container elementor-column-gap-default\">\n\t\t\t\t\t<div class=\"elementor-column elementor-col-100 elementor-top-column elementor-element elementor-element-27438ad textoLegible\" data-id=\"27438ad\" data-element_type=\"column\">\n\t\t\t<div class=\"elementor-widget-wrap elementor-element-populated\">\n\t\t\t\t\t\t\t\t<div class=\"elementor-element elementor-element-04f82dd contenido-pagina elementor-invisible elementor-widget elementor-widget-modina_section_title\" data-id=\"04f82dd\" data-element_type=\"widget\" data-settings=\"{&quot;_animation&quot;:&quot;fadeInUp&quot;}\" data-widget_type=\"modina_section_title.default\">\n\t\t\t\t<div class=\"elementor-widget-container\">\n\t\t\t\r\n        <div class=\"block-contents text-center\">\r\n        <div class=\"section-title\">\r\n            <h5 class=\"text-center\">Goals<\/h5>\r\n            <span>Goals<\/span>\r\n            <h3>That make a <span>difference<span><\/h3>\r\n        <\/div>\r\n            <\/div>\r\n    \r\n    \t\t<\/div>\n\t\t\t\t<\/div>\n\t\t\t\t<section class=\"elementor-section elementor-inner-section elementor-element elementor-element-8b00f53 elementor-section-full_width elementor-section-height-default elementor-section-height-default\" data-id=\"8b00f53\" data-element_type=\"section\" id=\"contenedor-objetivos\">\n\t\t\t\t\t\t<div class=\"elementor-container elementor-column-gap-default\">\n\t\t\t\t\t<div class=\"elementor-column elementor-col-33 elementor-inner-column elementor-element elementor-element-a06a7e4 animated-slow elementor-invisible\" data-id=\"a06a7e4\" data-element_type=\"column\" data-settings=\"{&quot;animation&quot;:&quot;fadeInUp&quot;}\">\n\t\t\t<div class=\"elementor-widget-wrap elementor-element-populated\">\n\t\t\t\t\t\t\t\t<section class=\"elementor-section elementor-inner-section elementor-element elementor-element-6b5f6be elementor-section-full_width elementor-section-height-default elementor-section-height-default\" data-id=\"6b5f6be\" data-element_type=\"section\" data-settings=\"{&quot;background_background&quot;:&quot;classic&quot;,&quot;animation&quot;:&quot;none&quot;}\">\n\t\t\t\t\t\t<div class=\"elementor-container elementor-column-gap-no\">\n\t\t\t\t\t<div class=\"elementor-column elementor-col-100 elementor-inner-column elementor-element elementor-element-8baafa8\" data-id=\"8baafa8\" data-element_type=\"column\">\n\t\t\t<div class=\"elementor-widget-wrap elementor-element-populated\">\n\t\t\t\t\t\t\t\t<div class=\"elementor-element elementor-element-6f5c971 elementor-view-default elementor-widget elementor-widget-icon\" data-id=\"6f5c971\" data-element_type=\"widget\" data-widget_type=\"icon.default\">\n\t\t\t\t<div class=\"elementor-widget-container\">\n\t\t\t\t\t<div class=\"elementor-icon-wrapper\">\n\t\t\t<div class=\"elementor-icon\">\n\t\t\t<i aria-hidden=\"true\" class=\"fab fa-confluence\"><\/i>\t\t\t<\/div>\n\t\t<\/div>\n\t\t\t\t<\/div>\n\t\t\t\t<\/div>\n\t\t\t\t<div class=\"elementor-element elementor-element-f9f2ce3 contenido-pagina elementor-widget elementor-widget-heading\" data-id=\"f9f2ce3\" data-element_type=\"widget\" data-widget_type=\"heading.default\">\n\t\t\t\t<div class=\"elementor-widget-container\">\n\t\t\t<style>\/*! elementor - v3.9.1 - 14-12-2022 *\/\n.elementor-heading-title{padding:0;margin:0;line-height:1}.elementor-widget-heading .elementor-heading-title[class*=elementor-size-]>a{color:inherit;font-size:inherit;line-height:inherit}.elementor-widget-heading .elementor-heading-title.elementor-size-small{font-size:15px}.elementor-widget-heading .elementor-heading-title.elementor-size-medium{font-size:19px}.elementor-widget-heading .elementor-heading-title.elementor-size-large{font-size:29px}.elementor-widget-heading .elementor-heading-title.elementor-size-xl{font-size:39px}.elementor-widget-heading .elementor-heading-title.elementor-size-xxl{font-size:59px}<\/style><h4 class=\"elementor-heading-title elementor-size-default\">Flexible service<\/h4>\t\t<\/div>\n\t\t\t\t<\/div>\n\t\t\t\t\t<\/div>\n\t\t<\/div>\n\t\t\t\t\t\t\t<\/div>\n\t\t<\/section>\n\t\t\t\t\t<\/div>\n\t\t<\/div>\n\t\t\t\t<div class=\"elementor-column elementor-col-33 elementor-inner-column elementor-element elementor-element-7a01a29 animated-slow elementor-invisible\" data-id=\"7a01a29\" data-element_type=\"column\" data-settings=\"{&quot;animation&quot;:&quot;fadeInUp&quot;,&quot;animation_delay&quot;:200}\">\n\t\t\t<div class=\"elementor-widget-wrap elementor-element-populated\">\n\t\t\t\t\t\t\t\t<section class=\"elementor-section elementor-inner-section elementor-element elementor-element-59c95ef elementor-section-full_width elementor-section-height-default elementor-section-height-default\" data-id=\"59c95ef\" data-element_type=\"section\" data-settings=\"{&quot;background_background&quot;:&quot;classic&quot;}\">\n\t\t\t\t\t\t<div class=\"elementor-container elementor-column-gap-no\">\n\t\t\t\t\t<div class=\"elementor-column elementor-col-100 elementor-inner-column elementor-element elementor-element-45a381f\" data-id=\"45a381f\" data-element_type=\"column\">\n\t\t\t<div class=\"elementor-widget-wrap elementor-element-populated\">\n\t\t\t\t\t\t\t\t<div class=\"elementor-element elementor-element-6bf467b elementor-view-default elementor-widget elementor-widget-icon\" data-id=\"6bf467b\" data-element_type=\"widget\" data-widget_type=\"icon.default\">\n\t\t\t\t<div class=\"elementor-widget-container\">\n\t\t\t\t\t<div class=\"elementor-icon-wrapper\">\n\t\t\t<div class=\"elementor-icon\">\n\t\t\t<i aria-hidden=\"true\" class=\"fas fa-chart-line\"><\/i>\t\t\t<\/div>\n\t\t<\/div>\n\t\t\t\t<\/div>\n\t\t\t\t<\/div>\n\t\t\t\t<div class=\"elementor-element elementor-element-542990f contenido-pagina elementor-widget elementor-widget-heading\" data-id=\"542990f\" data-element_type=\"widget\" data-widget_type=\"heading.default\">\n\t\t\t\t<div class=\"elementor-widget-container\">\n\t\t\t<h4 class=\"elementor-heading-title elementor-size-default\">Continuous improvement<\/h4>\t\t<\/div>\n\t\t\t\t<\/div>\n\t\t\t\t\t<\/div>\n\t\t<\/div>\n\t\t\t\t\t\t\t<\/div>\n\t\t<\/section>\n\t\t\t\t\t<\/div>\n\t\t<\/div>\n\t\t\t\t<div class=\"elementor-column elementor-col-33 elementor-inner-column elementor-element elementor-element-f6eb2e5 animated-slow elementor-invisible\" data-id=\"f6eb2e5\" data-element_type=\"column\" data-settings=\"{&quot;animation&quot;:&quot;fadeInUp&quot;,&quot;animation_delay&quot;:400}\">\n\t\t\t<div class=\"elementor-widget-wrap elementor-element-populated\">\n\t\t\t\t\t\t\t\t<section class=\"elementor-section elementor-inner-section elementor-element elementor-element-af103ef elementor-section-full_width elementor-section-height-default elementor-section-height-default\" data-id=\"af103ef\" data-element_type=\"section\" data-settings=\"{&quot;background_background&quot;:&quot;classic&quot;}\">\n\t\t\t\t\t\t<div class=\"elementor-container elementor-column-gap-no\">\n\t\t\t\t\t<div class=\"elementor-column elementor-col-100 elementor-inner-column elementor-element elementor-element-43a1123\" data-id=\"43a1123\" data-element_type=\"column\">\n\t\t\t<div class=\"elementor-widget-wrap elementor-element-populated\">\n\t\t\t\t\t\t\t\t<div class=\"elementor-element elementor-element-0b59b1c elementor-view-default elementor-widget elementor-widget-icon\" data-id=\"0b59b1c\" data-element_type=\"widget\" data-widget_type=\"icon.default\">\n\t\t\t\t<div class=\"elementor-widget-container\">\n\t\t\t\t\t<div class=\"elementor-icon-wrapper\">\n\t\t\t<div class=\"elementor-icon\">\n\t\t\t<i aria-hidden=\"true\" class=\"fas fa-users\"><\/i>\t\t\t<\/div>\n\t\t<\/div>\n\t\t\t\t<\/div>\n\t\t\t\t<\/div>\n\t\t\t\t<div class=\"elementor-element elementor-element-ac0dd5c contenido-pagina elementor-widget elementor-widget-heading\" data-id=\"ac0dd5c\" data-element_type=\"widget\" data-widget_type=\"heading.default\">\n\t\t\t\t<div class=\"elementor-widget-container\">\n\t\t\t<h4 class=\"elementor-heading-title elementor-size-default\">An expert professional team<\/h4>\t\t<\/div>\n\t\t\t\t<\/div>\n\t\t\t\t\t<\/div>\n\t\t<\/div>\n\t\t\t\t\t\t\t<\/div>\n\t\t<\/section>\n\t\t\t\t\t<\/div>\n\t\t<\/div>\n\t\t\t\t\t\t\t<\/div>\n\t\t<\/section>\n\t\t\t\t\t<\/div>\n\t\t<\/div>\n\t\t\t\t\t\t\t<\/div>\n\t\t<\/section>\n\t\t\t\t<section class=\"elementor-section elementor-top-section elementor-element elementor-element-9a8da72 elementor-section-boxed elementor-section-height-default elementor-section-height-default\" data-id=\"9a8da72\" data-element_type=\"section\">\n\t\t\t\t\t\t<div class=\"elementor-container elementor-column-gap-default\">\n\t\t\t\t\t<div class=\"elementor-column elementor-col-100 elementor-top-column elementor-element elementor-element-0564dee textoLegible\" data-id=\"0564dee\" data-element_type=\"column\">\n\t\t\t<div class=\"elementor-widget-wrap elementor-element-populated\">\n\t\t\t\t\t\t\t\t<div class=\"elementor-element elementor-element-eea317b animated-slow elementor-invisible elementor-widget elementor-widget-text-editor\" data-id=\"eea317b\" data-element_type=\"widget\" data-settings=\"{&quot;_animation&quot;:&quot;fadeInUp&quot;}\" data-widget_type=\"text-editor.default\">\n\t\t\t\t<div class=\"elementor-widget-container\">\n\t\t\t\t\t\t\t<div class=\"contenido-pagina translation-block\">Flexibility is a key aspect of our company philosophy: total adaptation to the needs of each client. We strive every day to offer a fast, efficient and safe service, based on our more than two decades of experience in the sector.<\/div>\n<br>\n<div class=\"contenido-pagina\">We transport the goods to their destination in the shortest possible time and with maximum safety. Our mission is to guarantee delivery in the conditions desired by the customer.<\/div>\n<br>\n<div class=\"contenido-pagina translation-block\">The <strong>Solditrans<\/strong> Management System is subject to continuous review and improvement. It is the solid framework for our quality objectives. Our daily contact with international markets allows us to respond to companies with the highest standards, always attentive to developments in the sector.<\/div>\n<br>\n<div class=\"contenido-pagina\">None of this would be possible without an experienced and continuously trained staff. Our team of professionals strives every day to provide our customers with the best logistics and transport solutions. We are ready to serve you in several languages: English, French, German and Spanish.<\/div>\n<br>\n<div class=\"contenido-pagina\">Our headquarters in Molina de Segura (Region of Murcia) is the central office for our import-export services.<\/div>\t\t\t\t\t\t<\/div>\n\t\t\t\t<\/div>\n\t\t\t\t\t<\/div>\n\t\t<\/div>\n\t\t\t\t\t\t\t<\/div>\n\t\t<\/section>\n\t\t\t\t<section class=\"elementor-section elementor-top-section elementor-element elementor-element-6162e13 elementor-section-boxed elementor-section-height-default elementor-section-height-default\" data-id=\"6162e13\" data-element_type=\"section\" data-settings=\"{&quot;background_background&quot;:&quot;classic&quot;}\">\n\t\t\t\t\t\t\t<div class=\"elementor-background-overlay\"><\/div>\n\t\t\t\t\t\t\t<div class=\"elementor-container elementor-column-gap-default\">\n\t\t\t\t\t<div class=\"elementor-column elementor-col-100 elementor-top-column elementor-element elementor-element-6a27598 textoLegible\" data-id=\"6a27598\" data-element_type=\"column\">\n\t\t\t<div class=\"elementor-widget-wrap elementor-element-populated\">\n\t\t\t\t\t\t\t\t<div class=\"elementor-element elementor-element-8f4325f animated-slow contenido-pagina elementor-invisible elementor-widget elementor-widget-heading\" data-id=\"8f4325f\" data-element_type=\"widget\" data-settings=\"{&quot;_animation&quot;:&quot;fadeInUp&quot;}\" data-widget_type=\"heading.default\">\n\t\t\t\t<div class=\"elementor-widget-container\">\n\t\t\t<h2 class=\"elementor-heading-title elementor-size-default\">Calculate your freight quote<\/h2>\t\t<\/div>\n\t\t\t\t<\/div>\n\t\t\t\t<div class=\"elementor-element elementor-element-baad0c5 elementor-align-center animated-slow contenido-pagina elementor-invisible elementor-widget elementor-widget-button\" data-id=\"baad0c5\" data-element_type=\"widget\" data-settings=\"{&quot;_animation&quot;:&quot;fadeInUp&quot;,&quot;_animation_delay&quot;:200}\" data-widget_type=\"button.default\">\n\t\t\t\t<div class=\"elementor-widget-container\">\n\t\t\t\t\t<div class=\"elementor-button-wrapper\">\n\t\t\t<a href=\"https:\/\/solditrans.com\/en\/#presupuesto#presupuesto\" class=\"elementor-button-link elementor-button elementor-size-lg\" role=\"button\">\n\t\t\t\t\t\t<span class=\"elementor-button-content-wrapper\">\n\t\t\t\t\t\t<span class=\"elementor-button-text\">Estimate<\/span>\n\t\t<\/span>\n\t\t\t\t\t<\/a>\n\t\t<\/div>\n\t\t\t\t<\/div>\n\t\t\t\t<\/div>\n\t\t\t\t\t<\/div>\n\t\t<\/div>\n\t\t\t\t\t\t\t<\/div>\n\t\t<\/section>\n\t\t\t\t\t\t\t<\/div>","protected":false},"excerpt":{"rendered":"<p>Solditrans Desde 1999 Solditrans Solditrans nace en 1999 con el prop\u00f3sito de proporcionar a sus clientes un&nbsp;servicio log\u00edstico&nbsp;integral. Desde entonces no hemos dejado de evolucionar, movi\u00e9ndonos siempre en sinton\u00eda con el sector, abiertos a las nuevas tecnolog\u00edas del transporte y a las novedades en las formas de distribuci\u00f3n y seguimiento de la mercanc\u00eda. Entre los [&hellip;]<\/p>","protected":false},"author":1,"featured_media":0,"parent":0,"menu_order":0,"comment_status":"closed","ping_status":"closed","template":"elementor_header_footer","meta":{"footnotes":""},"class_list":["post-1205","page","type-page","status-publish","hentry"],"yoast_head":"<!-- This site is optimized with the Yoast SEO plugin v19.12 - https:\/\/yoast.com\/wordpress\/plugins\/seo\/ -->\n<title>Empresa de transporte frigor\u00edfico por carretera | Solditrans<\/title>\n<meta name=\"description\" content=\"Ofrecemos un servicio log\u00edstico, de transporte y distribuci\u00f3n internacional frigor\u00edfico adecuado a las necesidades de cada cliente.\" \/>\n<meta name=\"robots\" content=\"index, follow, max-snippet:-1, max-image-preview:large, max-video-preview:-1\" \/>\n<link rel=\"canonical\" href=\"https:\/\/solditrans.com\/en\/empresa\/\" \/>\n<meta property=\"og:locale\" content=\"en_GB\" \/>\n<meta property=\"og:type\" content=\"article\" \/>\n<meta property=\"og:title\" content=\"Empresa de transporte frigor\u00edfico por carretera | Solditrans\" \/>\n<meta property=\"og:description\" content=\"Ofrecemos un servicio log\u00edstico, de transporte y distribuci\u00f3n internacional frigor\u00edfico adecuado a las necesidades de cada cliente.\" \/>\n<meta property=\"og:url\" content=\"https:\/\/solditrans.com\/en\/empresa\/\" \/>\n<meta property=\"og:site_name\" content=\"Solditrans\" \/>\n<meta property=\"article:modified_time\" content=\"2023-11-17T12:37:21+00:00\" \/>\n<meta property=\"og:image\" content=\"https:\/\/solditrans.com\/wp-content\/uploads\/2022\/09\/solditrans-transporte-europeo.png\" \/>\n<meta name=\"twitter:card\" content=\"summary_large_image\" \/>\n<meta name=\"twitter:label1\" content=\"Estimated reading time\" \/>\n\t<meta name=\"twitter:data1\" content=\"2 minutes\" \/>\n<script type=\"application\/ld+json\" class=\"yoast-schema-graph\">{\"@context\":\"https:\/\/schema.org\",\"@graph\":[{\"@type\":\"WebPage\",\"@id\":\"https:\/\/solditrans.com\/empresa\/\",\"url\":\"https:\/\/solditrans.com\/empresa\/\",\"name\":\"Empresa de transporte frigor\u00edfico por carretera | Solditrans\",\"isPartOf\":{\"@id\":\"https:\/\/solditrans.com\/#website\"},\"datePublished\":\"2022-04-05T05:53:00+00:00\",\"dateModified\":\"2023-11-17T12:37:21+00:00\",\"description\":\"Ofrecemos un servicio log\u00edstico, de transporte y distribuci\u00f3n internacional frigor\u00edfico adecuado a las necesidades de cada cliente.\",\"breadcrumb\":{\"@id\":\"https:\/\/solditrans.com\/empresa\/#breadcrumb\"},\"inLanguage\":\"en-GB\",\"potentialAction\":[{\"@type\":\"ReadAction\",\"target\":[\"https:\/\/solditrans.com\/empresa\/\"]}]},{\"@type\":\"BreadcrumbList\",\"@id\":\"https:\/\/solditrans.com\/empresa\/#breadcrumb\",\"itemListElement\":[{\"@type\":\"ListItem\",\"position\":1,\"name\":\"Portada\",\"item\":\"https:\/\/solditrans.com\/\"},{\"@type\":\"ListItem\",\"position\":2,\"name\":\"Empresa de transporte frigor\u00edfico por carretera\"}]},{\"@type\":\"WebSite\",\"@id\":\"https:\/\/solditrans.com\/#website\",\"url\":\"https:\/\/solditrans.com\/\",\"name\":\"Solditrans\",\"description\":\"Otro sitio realizado con WordPress\",\"potentialAction\":[{\"@type\":\"SearchAction\",\"target\":{\"@type\":\"EntryPoint\",\"urlTemplate\":\"https:\/\/solditrans.com\/?s={search_term_string}\"},\"query-input\":\"required name=search_term_string\"}],\"inLanguage\":\"en-GB\"}]}<\/script>\n<!-- \/ Yoast SEO plugin. -->","yoast_head_json":{"title":"Empresa de transporte frigor\u00edfico por carretera | Solditrans","description":"Ofrecemos un servicio log\u00edstico, de transporte y distribuci\u00f3n internacional frigor\u00edfico adecuado a las necesidades de cada cliente.","robots":{"index":"index","follow":"follow","max-snippet":"max-snippet:-1","max-image-preview":"max-image-preview:large","max-video-preview":"max-video-preview:-1"},"canonical":"https:\/\/solditrans.com\/en\/empresa\/","og_locale":"en_GB","og_type":"article","og_title":"Empresa de transporte frigor\u00edfico por carretera | Solditrans","og_description":"Ofrecemos un servicio log\u00edstico, de transporte y distribuci\u00f3n internacional frigor\u00edfico adecuado a las necesidades de cada cliente.","og_url":"https:\/\/solditrans.com\/en\/empresa\/","og_site_name":"Solditrans","article_modified_time":"2023-11-17T12:37:21+00:00","og_image":[{"url":"https:\/\/solditrans.com\/wp-content\/uploads\/2022\/09\/solditrans-transporte-europeo.png"}],"twitter_card":"summary_large_image","twitter_misc":{"Estimated reading time":"2 minutes"},"schema":{"@context":"https:\/\/schema.org","@graph":[{"@type":"WebPage","@id":"https:\/\/solditrans.com\/empresa\/","url":"https:\/\/solditrans.com\/empresa\/","name":"Empresa de transporte frigor\u00edfico por carretera | Solditrans","isPartOf":{"@id":"https:\/\/solditrans.com\/#website"},"datePublished":"2022-04-05T05:53:00+00:00","dateModified":"2023-11-17T12:37:21+00:00","description":"Ofrecemos un servicio log\u00edstico, de transporte y distribuci\u00f3n internacional frigor\u00edfico adecuado a las necesidades de cada cliente.","breadcrumb":{"@id":"https:\/\/solditrans.com\/empresa\/#breadcrumb"},"inLanguage":"en-GB","potentialAction":[{"@type":"ReadAction","target":["https:\/\/solditrans.com\/empresa\/"]}]},{"@type":"BreadcrumbList","@id":"https:\/\/solditrans.com\/empresa\/#breadcrumb","itemListElement":[{"@type":"ListItem","position":1,"name":"Portada","item":"https:\/\/solditrans.com\/"},{"@type":"ListItem","position":2,"name":"Empresa de transporte frigor\u00edfico por carretera"}]},{"@type":"WebSite","@id":"https:\/\/solditrans.com\/#website","url":"https:\/\/solditrans.com\/","name":"Solditrans","description":"Otro sitio realizado con WordPress","potentialAction":[{"@type":"SearchAction","target":{"@type":"EntryPoint","urlTemplate":"https:\/\/solditrans.com\/?s={search_term_string}"},"query-input":"required name=search_term_string"}],"inLanguage":"en-GB"}]}},"acf":[],"_links":{"self":[{"href":"https:\/\/solditrans.com\/en\/wp-json\/wp\/v2\/pages\/1205","targetHints":{"allow":["GET"]}}],"collection":[{"href":"https:\/\/solditrans.com\/en\/wp-json\/wp\/v2\/pages"}],"about":[{"href":"https:\/\/solditrans.com\/en\/wp-json\/wp\/v2\/types\/page"}],"author":[{"embeddable":true,"href":"https:\/\/solditrans.com\/en\/wp-json\/wp\/v2\/users\/1"}],"replies":[{"embeddable":true,"href":"https:\/\/solditrans.com\/en\/wp-json\/wp\/v2\/comments?post=1205"}],"version-history":[{"count":65,"href":"https:\/\/solditrans.com\/en\/wp-json\/wp\/v2\/pages\/1205\/revisions"}],"predecessor-version":[{"id":2830,"href":"https:\/\/solditrans.com\/en\/wp-json\/wp\/v2\/pages\/1205\/revisions\/2830"}],"wp:attachment":[{"href":"https:\/\/solditrans.com\/en\/wp-json\/wp\/v2\/media?parent=1205"}],"curies":[{"name":"wp","href":"https:\/\/api.w.org\/{rel}","templated":true}]}}